{"id":43949,"date":"2024-06-24T21:38:46","date_gmt":"2024-06-24T21:38:46","guid":{"rendered":"https:\/\/gavermedmening.dk\/vare\/kors-i-rustfrit-staal-med-laedersnoere\/"},"modified":"2024-10-27T18:22:53","modified_gmt":"2024-10-27T18:22:53","slug":"kors-i-rustfrit-staal-med-laedersnoere","status":"publish","type":"product","link":"https:\/\/gavermedmening.dk\/?product=kors-i-rustfrit-staal-med-laedersnoere","title":{"rendered":"Kors i rustfrit st\u00e5l med l\u00e6dersn\u00f8re"},"content":{"rendered":"<p><strong>Beskrivelse:<\/strong><\/p>\n<p>Trendy halsk\u00e6de med korsvedh\u00e6ng.<\/p>\n<p>Moderne gave til kommunion, konfirmation og mange andre lejligheder.<\/p>\n<p>Materiale: rustfrit st\u00e5l og l\u00e6derrem<\/p>\n<p>St\u00f8rrelse vedh\u00e6ng: 1,5 cm x 2,5 cm<\/p>\n<p>Pakket i en organzapose<\/p>\n","protected":false},"excerpt":{"rendered":"<p>Beskrivelse: Trendy halsk\u00e6de med korsvedh\u00e6ng. Moderne gave til kommunion, konfirmation og mange andre lejligheder. Materiale: rustfrit st\u00e5l og l\u00e6derrem St\u00f8rrelse vedh\u00e6ng: 1,5 cm x 2,5 cm Pakket i en organzapose<\/p>\n","protected":false},"featured_media":43950,"comment_status":"closed","ping_status":"closed","template":"","meta":{"_acf_changed":false,"_et_pb_use_builder":"","_et_pb_old_content":"","_et_gb_content_width":""},"product_brand":[],"product_cat":[6295,6229],"product_tag":[],"class_list":{"0":"post-43949","1":"product","2":"type-product","3":"status-publish","4":"has-post-thumbnail","6":"product_cat-halskaeder","7":"product_cat-praisent","9":"first","10":"instock","11":"taxable","12":"shipping-taxable","13":"purchasable","14":"product-type-simple"},"acf":[],"_links":{"self":[{"href":"https:\/\/gavermedmening.dk\/index.php?rest_route=\/wp\/v2\/product\/43949","targetHints":{"allow":["GET"]}}],"collection":[{"href":"https:\/\/gavermedmening.dk\/index.php?rest_route=\/wp\/v2\/product"}],"about":[{"href":"https:\/\/gavermedmening.dk\/index.php?rest_route=\/wp\/v2\/types\/product"}],"replies":[{"embeddable":true,"href":"https:\/\/gavermedmening.dk\/index.php?rest_route=%2Fwp%2Fv2%2Fcomments&post=43949"}],"wp:featuredmedia":[{"embeddable":true,"href":"https:\/\/gavermedmening.dk\/index.php?rest_route=\/wp\/v2\/media\/43950"}],"wp:attachment":[{"href":"https:\/\/gavermedmening.dk\/index.php?rest_route=%2Fwp%2Fv2%2Fmedia&parent=43949"}],"wp:term":[{"taxonomy":"product_brand","embeddable":true,"href":"https:\/\/gavermedmening.dk\/index.php?rest_route=%2Fwp%2Fv2%2Fproduct_brand&post=43949"},{"taxonomy":"product_cat","embeddable":true,"href":"https:\/\/gavermedmening.dk\/index.php?rest_route=%2Fwp%2Fv2%2Fproduct_cat&post=43949"},{"taxonomy":"product_tag","embeddable":true,"href":"https:\/\/gavermedmening.dk\/index.php?rest_route=%2Fwp%2Fv2%2Fproduct_tag&post=43949"}],"curies":[{"name":"wp","href":"https:\/\/api.w.org\/{rel}","templated":true}]}}