{"id":43992,"date":"2024-06-24T18:27:43","date_gmt":"2024-06-24T17:27:43","guid":{"rendered":"https:\/\/gavermedmening.dk\/vare\/engelvedhaeng-i-soelv\/"},"modified":"2024-10-27T19:07:22","modified_gmt":"2024-10-27T19:07:22","slug":"engelvedhaeng-i-soelv","status":"publish","type":"product","link":"https:\/\/gavermedmening.dk\/?product=engelvedhaeng-i-soelv","title":{"rendered":"Engelvedh\u00e6ng i s\u00f8lv"},"content":{"rendered":"<p><strong>Beskrivelse:<\/strong><\/p>\n<p>Lille engleformet vedh\u00e6ng lavet af blankt 925 sterling s\u00f8lv.<\/p>\n<p>Ogs\u00e5 en fin gave til kommunion\/konfirmation.<\/p>\n<p>Pakket i smykkeskrin.<\/p>\n<p>Materiale: 925 sterling s\u00f8lv<br \/>St\u00f8rrelse: 1,2 x 1,6 cm<\/p>\n<p>\u00a0<\/p>\n","protected":false},"excerpt":{"rendered":"<p>Beskrivelse: Lille engleformet vedh\u00e6ng lavet af blankt 925 sterling s\u00f8lv. Ogs\u00e5 en fin gave til kommunion\/konfirmation. Pakket i smykkeskrin. Materiale: 925 sterling s\u00f8lvSt\u00f8rrelse: 1,2 x 1,6 cm \u00a0<\/p>\n","protected":false},"featured_media":0,"comment_status":"closed","ping_status":"closed","template":"","meta":{"_acf_changed":false,"_et_pb_use_builder":"","_et_pb_old_content":"","_et_gb_content_width":""},"product_brand":[],"product_cat":[6295,6229],"product_tag":[],"class_list":{"0":"post-43992","1":"product","2":"type-product","3":"status-publish","5":"product_cat-halskaeder","6":"product_cat-praisent","8":"first","9":"instock","10":"taxable","11":"shipping-taxable","12":"purchasable","13":"product-type-simple"},"acf":[],"_links":{"self":[{"href":"https:\/\/gavermedmening.dk\/index.php?rest_route=\/wp\/v2\/product\/43992","targetHints":{"allow":["GET"]}}],"collection":[{"href":"https:\/\/gavermedmening.dk\/index.php?rest_route=\/wp\/v2\/product"}],"about":[{"href":"https:\/\/gavermedmening.dk\/index.php?rest_route=\/wp\/v2\/types\/product"}],"replies":[{"embeddable":true,"href":"https:\/\/gavermedmening.dk\/index.php?rest_route=%2Fwp%2Fv2%2Fcomments&post=43992"}],"wp:attachment":[{"href":"https:\/\/gavermedmening.dk\/index.php?rest_route=%2Fwp%2Fv2%2Fmedia&parent=43992"}],"wp:term":[{"taxonomy":"product_brand","embeddable":true,"href":"https:\/\/gavermedmening.dk\/index.php?rest_route=%2Fwp%2Fv2%2Fproduct_brand&post=43992"},{"taxonomy":"product_cat","embeddable":true,"href":"https:\/\/gavermedmening.dk\/index.php?rest_route=%2Fwp%2Fv2%2Fproduct_cat&post=43992"},{"taxonomy":"product_tag","embeddable":true,"href":"https:\/\/gavermedmening.dk\/index.php?rest_route=%2Fwp%2Fv2%2Fproduct_tag&post=43992"}],"curies":[{"name":"wp","href":"https:\/\/api.w.org\/{rel}","templated":true}]}}