{"id":43993,"date":"2024-06-24T18:27:24","date_gmt":"2024-06-24T17:27:24","guid":{"rendered":"https:\/\/gavermedmening.dk\/vare\/dobbeltkors-i-soelv\/"},"modified":"2024-10-27T19:07:27","modified_gmt":"2024-10-27T19:07:27","slug":"dobbeltkors-i-soelv","status":"publish","type":"product","link":"https:\/\/gavermedmening.dk\/?product=dobbeltkors-i-soelv","title":{"rendered":"Dobbeltkors i s\u00f8lv"},"content":{"rendered":"<p><strong>Beskrivelse:<\/strong><\/p>\n<p>Flot design med to kors liggende oven p\u00e5 hinanden.<\/p>\n<p>Halsk\u00e6den eller snoren placeres blot mellem de to kors.<\/p>\n<p>Pakket i et lille smykkeskrin.<\/p>\n<p>Blankpoleret<br \/>Materiale: sterling s\u00f8lv<br \/>St\u00f8rrelse: 1,5 x 2 cm<\/p>\n<p>\u00a0<\/p>\n","protected":false},"excerpt":{"rendered":"<p>Beskrivelse: Flot design med to kors liggende oven p\u00e5 hinanden. Halsk\u00e6den eller snoren placeres blot mellem de to kors. Pakket i et lille smykkeskrin. BlankpoleretMateriale: sterling s\u00f8lvSt\u00f8rrelse: 1,5 x 2 cm \u00a0<\/p>\n","protected":false},"featured_media":0,"comment_status":"closed","ping_status":"closed","template":"","meta":{"_acf_changed":false,"_et_pb_use_builder":"","_et_pb_old_content":"","_et_gb_content_width":""},"product_brand":[],"product_cat":[6295,6229],"product_tag":[],"class_list":{"0":"post-43993","1":"product","2":"type-product","3":"status-publish","5":"product_cat-halskaeder","6":"product_cat-praisent","8":"first","9":"instock","10":"taxable","11":"shipping-taxable","12":"purchasable","13":"product-type-simple"},"acf":[],"_links":{"self":[{"href":"https:\/\/gavermedmening.dk\/index.php?rest_route=\/wp\/v2\/product\/43993","targetHints":{"allow":["GET"]}}],"collection":[{"href":"https:\/\/gavermedmening.dk\/index.php?rest_route=\/wp\/v2\/product"}],"about":[{"href":"https:\/\/gavermedmening.dk\/index.php?rest_route=\/wp\/v2\/types\/product"}],"replies":[{"embeddable":true,"href":"https:\/\/gavermedmening.dk\/index.php?rest_route=%2Fwp%2Fv2%2Fcomments&post=43993"}],"wp:attachment":[{"href":"https:\/\/gavermedmening.dk\/index.php?rest_route=%2Fwp%2Fv2%2Fmedia&parent=43993"}],"wp:term":[{"taxonomy":"product_brand","embeddable":true,"href":"https:\/\/gavermedmening.dk\/index.php?rest_route=%2Fwp%2Fv2%2Fproduct_brand&post=43993"},{"taxonomy":"product_cat","embeddable":true,"href":"https:\/\/gavermedmening.dk\/index.php?rest_route=%2Fwp%2Fv2%2Fproduct_cat&post=43993"},{"taxonomy":"product_tag","embeddable":true,"href":"https:\/\/gavermedmening.dk\/index.php?rest_route=%2Fwp%2Fv2%2Fproduct_tag&post=43993"}],"curies":[{"name":"wp","href":"https:\/\/api.w.org\/{rel}","templated":true}]}}