{"id":43996,"date":"2024-06-24T18:26:16","date_gmt":"2024-06-24T17:26:16","guid":{"rendered":"https:\/\/gavermedmening.dk\/vare\/halskaede-due-paa-oliventrae\/"},"modified":"2024-10-27T19:07:40","modified_gmt":"2024-10-27T19:07:40","slug":"halskaede-due-paa-oliventrae","status":"publish","type":"product","link":"https:\/\/gavermedmening.dk\/?product=halskaede-due-paa-oliventrae","title":{"rendered":"Halsk\u00e6de &#8211; due p\u00e5 oliventr\u00e6"},"content":{"rendered":"<p><strong>Beskrivelse:<\/strong><\/p>\n<p>Et helt specielt smykke er denne halsk\u00e6de med l\u00e6dersnor.<\/p>\n<p>Rundt vedh\u00e6ng lavet af oliventr\u00e6 med s\u00f8lv-vedh\u00e6ng ovenp\u00e5.<\/p>\n<p>L\u00e6dersnorens l\u00e6ngde: ca 80 cm<br \/>Tr\u00e6vedh\u00e6ng diameter: 3 cm<br \/>S\u00f8lvvedh\u00e6ng: 925 sterling s\u00f8lv<br \/>Pakket i en organzapose<br \/>Fremstillet i Betlehem<\/p>\n<p>\u00a0<\/p>\n<p>\u00a0<\/p>\n","protected":false},"excerpt":{"rendered":"<p>Beskrivelse: Et helt specielt smykke er denne halsk\u00e6de med l\u00e6dersnor. Rundt vedh\u00e6ng lavet af oliventr\u00e6 med s\u00f8lv-vedh\u00e6ng ovenp\u00e5. L\u00e6dersnorens l\u00e6ngde: ca 80 cmTr\u00e6vedh\u00e6ng diameter: 3 cmS\u00f8lvvedh\u00e6ng: 925 sterling s\u00f8lvPakket i en organzaposeFremstillet i Betlehem \u00a0 \u00a0<\/p>\n","protected":false},"featured_media":0,"comment_status":"closed","ping_status":"closed","template":"","meta":{"_acf_changed":false,"_et_pb_use_builder":"","_et_pb_old_content":"","_et_gb_content_width":""},"product_brand":[],"product_cat":[6295,6229],"product_tag":[],"class_list":{"0":"post-43996","1":"product","2":"type-product","3":"status-publish","5":"product_cat-halskaeder","6":"product_cat-praisent","8":"first","9":"instock","10":"taxable","11":"shipping-taxable","12":"purchasable","13":"product-type-simple"},"acf":[],"_links":{"self":[{"href":"https:\/\/gavermedmening.dk\/index.php?rest_route=\/wp\/v2\/product\/43996","targetHints":{"allow":["GET"]}}],"collection":[{"href":"https:\/\/gavermedmening.dk\/index.php?rest_route=\/wp\/v2\/product"}],"about":[{"href":"https:\/\/gavermedmening.dk\/index.php?rest_route=\/wp\/v2\/types\/product"}],"replies":[{"embeddable":true,"href":"https:\/\/gavermedmening.dk\/index.php?rest_route=%2Fwp%2Fv2%2Fcomments&post=43996"}],"wp:attachment":[{"href":"https:\/\/gavermedmening.dk\/index.php?rest_route=%2Fwp%2Fv2%2Fmedia&parent=43996"}],"wp:term":[{"taxonomy":"product_brand","embeddable":true,"href":"https:\/\/gavermedmening.dk\/index.php?rest_route=%2Fwp%2Fv2%2Fproduct_brand&post=43996"},{"taxonomy":"product_cat","embeddable":true,"href":"https:\/\/gavermedmening.dk\/index.php?rest_route=%2Fwp%2Fv2%2Fproduct_cat&post=43996"},{"taxonomy":"product_tag","embeddable":true,"href":"https:\/\/gavermedmening.dk\/index.php?rest_route=%2Fwp%2Fv2%2Fproduct_tag&post=43996"}],"curies":[{"name":"wp","href":"https:\/\/api.w.org\/{rel}","templated":true}]}}