{"id":44001,"date":"2024-06-24T18:24:44","date_gmt":"2024-06-24T17:24:44","guid":{"rendered":"https:\/\/gavermedmening.dk\/vare\/opstandelseskors-i-oliventrae\/"},"modified":"2024-10-27T19:08:03","modified_gmt":"2024-10-27T19:08:03","slug":"opstandelseskors-i-oliventrae","status":"publish","type":"product","link":"https:\/\/gavermedmening.dk\/?product=opstandelseskors-i-oliventrae","title":{"rendered":"Opstandelseskors i oliventr\u00e6"},"content":{"rendered":"<p><strong>Beskrivelse:<\/strong><\/p>\n<p>Opstandelseskors\/\u00e5bent kors med Jesu skikkelse udsk\u00e5ret i midten af korset.<br \/>Fremstillet af oliventr\u00e6 fra Betlehem.<br \/>H\u00f8jde: 30 mm<br \/>60 cm sort halssnor medf\u00f8lger.<\/p>\n<p>I landsbyen Beit Sahour (Hyrdernes Eng), lige \u00f8st for Bethlehem, er der et kooperativ med 35 familieejede v\u00e6rksteder. &#8220;Holy Land Handicraft Cooperative Society&#8221; laver blandt andet kors, julekrybber og engle af oliventr\u00e6 (fra besk\u00e5rede grene\/planter) og genbrugsglas.<br \/>Fairtrade arbejder for menneskerettigheder, hensyn til milj\u00f8et og for at forbedre arbejds- og levevilk\u00e5rene i omr\u00e5der med udbredt fattigdom.<\/p>\n<hr \/>\n<p><strong>Guaranteed Fair Trade Origin. This product have been sourced from HLHCS, a WFTO Guaranteed Fair Trade Enterprise.<\/strong><\/p>\n","protected":false},"excerpt":{"rendered":"<p>Beskrivelse: Opstandelseskors\/\u00e5bent kors med Jesu skikkelse udsk\u00e5ret i midten af korset.Fremstillet af oliventr\u00e6 fra Betlehem.H\u00f8jde: 30 mm60 cm sort halssnor medf\u00f8lger. I landsbyen Beit Sahour (Hyrdernes Eng), lige \u00f8st for Bethlehem, er der et kooperativ med 35 familieejede v\u00e6rksteder. &#8220;Holy Land Handicraft Cooperative Society&#8221; laver blandt andet kors, julekrybber og engle af oliventr\u00e6 (fra besk\u00e5rede [&hellip;]<\/p>\n","protected":false},"featured_media":0,"comment_status":"closed","ping_status":"closed","template":"","meta":{"_acf_changed":false,"_et_pb_use_builder":"","_et_pb_old_content":"","_et_gb_content_width":""},"product_brand":[],"product_cat":[6232,6295],"product_tag":[],"class_list":{"0":"post-44001","1":"product","2":"type-product","3":"status-publish","5":"product_cat-borneling","6":"product_cat-halskaeder","8":"first","9":"instock","10":"taxable","11":"shipping-taxable","12":"purchasable","13":"product-type-simple"},"acf":[],"_links":{"self":[{"href":"https:\/\/gavermedmening.dk\/index.php?rest_route=\/wp\/v2\/product\/44001","targetHints":{"allow":["GET"]}}],"collection":[{"href":"https:\/\/gavermedmening.dk\/index.php?rest_route=\/wp\/v2\/product"}],"about":[{"href":"https:\/\/gavermedmening.dk\/index.php?rest_route=\/wp\/v2\/types\/product"}],"replies":[{"embeddable":true,"href":"https:\/\/gavermedmening.dk\/index.php?rest_route=%2Fwp%2Fv2%2Fcomments&post=44001"}],"wp:attachment":[{"href":"https:\/\/gavermedmening.dk\/index.php?rest_route=%2Fwp%2Fv2%2Fmedia&parent=44001"}],"wp:term":[{"taxonomy":"product_brand","embeddable":true,"href":"https:\/\/gavermedmening.dk\/index.php?rest_route=%2Fwp%2Fv2%2Fproduct_brand&post=44001"},{"taxonomy":"product_cat","embeddable":true,"href":"https:\/\/gavermedmening.dk\/index.php?rest_route=%2Fwp%2Fv2%2Fproduct_cat&post=44001"},{"taxonomy":"product_tag","embeddable":true,"href":"https:\/\/gavermedmening.dk\/index.php?rest_route=%2Fwp%2Fv2%2Fproduct_tag&post=44001"}],"curies":[{"name":"wp","href":"https:\/\/api.w.org\/{rel}","templated":true}]}}