{"id":44004,"date":"2024-06-24T18:23:51","date_gmt":"2024-06-24T17:23:51","guid":{"rendered":"https:\/\/gavermedmening.dk\/vare\/rhodineret-soelvkors-med-zirkoniasten-3\/"},"modified":"2024-10-27T19:08:16","modified_gmt":"2024-10-27T19:08:16","slug":"rhodineret-soelvkors-med-zirkoniasten-3","status":"publish","type":"product","link":"https:\/\/gavermedmening.dk\/?product=rhodineret-soelvkors-med-zirkoniasten-3","title":{"rendered":"Rhodineret s\u00f8lvkors med zirkoniasten"},"content":{"rendered":"<p><strong>Beskrivelse:<\/strong><\/p>\n<table class=\"ItemDetailTable\">\n<tbody>\n<tr>\n<td>Edelmetall:<\/td>\n<td>925 Sterling Silber<\/td>\n<\/tr>\n<tr>\n<td>L\u00e4nge:<\/td>\n<td>2 cm<\/td>\n<\/tr>\n<tr>\n<td>Breite:<\/td>\n<td>1,5 cm<\/td>\n<\/tr>\n<tr>\n<td>\u00dcberzug:<\/td>\n<td>Rhodium<\/td>\n<\/tr>\n<tr>\n<td>Edelstein:<\/td>\n<td>Zirkonia<\/td>\n<\/tr>\n<tr>\n<td>Steingr\u00f6\u00dfe:<\/td>\n<td>1,5 mm<\/td>\n<\/tr>\n<tr>\n<td>Steinfarbe:<\/td>\n<td>Clear<\/td>\n<\/tr>\n<tr>\n<td>Steinform:<\/td>\n<td>Rund<\/td>\n<\/tr>\n<tr>\n<td>Steinfassung:<\/td>\n<td>Krappenfassung<\/td>\n<\/tr>\n<\/tbody>\n<\/table>\n<p>Uden k\u00e6de<\/p>\n","protected":false},"excerpt":{"rendered":"<p>Beskrivelse: Edelmetall: 925 Sterling Silber L\u00e4nge: 2 cm Breite: 1,5 cm \u00dcberzug: Rhodium Edelstein: Zirkonia Steingr\u00f6\u00dfe: 1,5 mm Steinfarbe: Clear Steinform: Rund Steinfassung: Krappenfassung Uden k\u00e6de<\/p>\n","protected":false},"featured_media":0,"comment_status":"closed","ping_status":"closed","template":"","meta":{"_acf_changed":false,"_et_pb_use_builder":"","_et_pb_old_content":"","_et_gb_content_width":""},"product_brand":[],"product_cat":[6302,6295],"product_tag":[],"class_list":{"0":"post-44004","1":"product","2":"type-product","3":"status-publish","5":"product_cat-bn-silver","6":"product_cat-halskaeder","8":"first","9":"instock","10":"taxable","11":"shipping-taxable","12":"purchasable","13":"product-type-simple"},"acf":[],"_links":{"self":[{"href":"https:\/\/gavermedmening.dk\/index.php?rest_route=\/wp\/v2\/product\/44004","targetHints":{"allow":["GET"]}}],"collection":[{"href":"https:\/\/gavermedmening.dk\/index.php?rest_route=\/wp\/v2\/product"}],"about":[{"href":"https:\/\/gavermedmening.dk\/index.php?rest_route=\/wp\/v2\/types\/product"}],"replies":[{"embeddable":true,"href":"https:\/\/gavermedmening.dk\/index.php?rest_route=%2Fwp%2Fv2%2Fcomments&post=44004"}],"wp:attachment":[{"href":"https:\/\/gavermedmening.dk\/index.php?rest_route=%2Fwp%2Fv2%2Fmedia&parent=44004"}],"wp:term":[{"taxonomy":"product_brand","embeddable":true,"href":"https:\/\/gavermedmening.dk\/index.php?rest_route=%2Fwp%2Fv2%2Fproduct_brand&post=44004"},{"taxonomy":"product_cat","embeddable":true,"href":"https:\/\/gavermedmening.dk\/index.php?rest_route=%2Fwp%2Fv2%2Fproduct_cat&post=44004"},{"taxonomy":"product_tag","embeddable":true,"href":"https:\/\/gavermedmening.dk\/index.php?rest_route=%2Fwp%2Fv2%2Fproduct_tag&post=44004"}],"curies":[{"name":"wp","href":"https:\/\/api.w.org\/{rel}","templated":true}]}}