{"id":44006,"date":"2024-06-24T18:23:03","date_gmt":"2024-06-24T17:23:03","guid":{"rendered":"https:\/\/gavermedmening.dk\/vare\/rhodineret-snoet-soelvkors-med-zirkoniasten\/"},"modified":"2024-10-27T19:08:25","modified_gmt":"2024-10-27T19:08:25","slug":"rhodineret-snoet-soelvkors-med-zirkoniasten","status":"publish","type":"product","link":"https:\/\/gavermedmening.dk\/?product=rhodineret-snoet-soelvkors-med-zirkoniasten","title":{"rendered":"Rhodineret snoet s\u00f8lvkors med zirkoniasten"},"content":{"rendered":"<p><strong>Beskrivelse:<\/strong><\/p>\n<table class=\"ItemDetailTable\" style=\"width: 258px; height: 410px;\">\n<tbody>\n<tr>\n<td style=\"width: 94px;\">Edelmetall:<\/td>\n<td style=\"width: 148px;\">925 Sterling Silber<\/td>\n<\/tr>\n<tr>\n<td style=\"width: 94px;\">L\u00e4nge:<\/td>\n<td style=\"width: 148px;\">2 cm<\/td>\n<\/tr>\n<tr>\n<td style=\"width: 94px;\">Breite:<\/td>\n<td style=\"width: 148px;\">1,4 cm<\/td>\n<\/tr>\n<tr>\n<td style=\"width: 94px;\">\u00dcberzug:<\/td>\n<td style=\"width: 148px;\">Rhodium<\/td>\n<\/tr>\n<tr>\n<td style=\"width: 94px;\">Edelstein:<\/td>\n<td style=\"width: 148px;\">Zirkonia<\/td>\n<\/tr>\n<tr>\n<td style=\"width: 94px;\">Steingr\u00f6\u00dfe:<\/td>\n<td style=\"width: 148px;\">1 mm<\/td>\n<\/tr>\n<tr>\n<td style=\"width: 94px;\">Steinfarbe:<\/td>\n<td style=\"width: 148px;\">Clear<\/td>\n<\/tr>\n<tr>\n<td style=\"width: 94px;\">Steinform:<\/td>\n<td style=\"width: 148px;\">Rund<\/td>\n<\/tr>\n<\/tbody>\n<\/table>\n<p>Uden k\u00e6de<\/p>\n","protected":false},"excerpt":{"rendered":"<p>Beskrivelse: Edelmetall: 925 Sterling Silber L\u00e4nge: 2 cm Breite: 1,4 cm \u00dcberzug: Rhodium Edelstein: Zirkonia Steingr\u00f6\u00dfe: 1 mm Steinfarbe: Clear Steinform: Rund Uden k\u00e6de<\/p>\n","protected":false},"featured_media":0,"comment_status":"closed","ping_status":"closed","template":"","meta":{"_acf_changed":false,"_et_pb_use_builder":"","_et_pb_old_content":"","_et_gb_content_width":""},"product_brand":[],"product_cat":[6302,6295],"product_tag":[],"class_list":{"0":"post-44006","1":"product","2":"type-product","3":"status-publish","5":"product_cat-bn-silver","6":"product_cat-halskaeder","8":"first","9":"instock","10":"taxable","11":"shipping-taxable","12":"purchasable","13":"product-type-simple"},"acf":[],"_links":{"self":[{"href":"https:\/\/gavermedmening.dk\/index.php?rest_route=\/wp\/v2\/product\/44006","targetHints":{"allow":["GET"]}}],"collection":[{"href":"https:\/\/gavermedmening.dk\/index.php?rest_route=\/wp\/v2\/product"}],"about":[{"href":"https:\/\/gavermedmening.dk\/index.php?rest_route=\/wp\/v2\/types\/product"}],"replies":[{"embeddable":true,"href":"https:\/\/gavermedmening.dk\/index.php?rest_route=%2Fwp%2Fv2%2Fcomments&post=44006"}],"wp:attachment":[{"href":"https:\/\/gavermedmening.dk\/index.php?rest_route=%2Fwp%2Fv2%2Fmedia&parent=44006"}],"wp:term":[{"taxonomy":"product_brand","embeddable":true,"href":"https:\/\/gavermedmening.dk\/index.php?rest_route=%2Fwp%2Fv2%2Fproduct_brand&post=44006"},{"taxonomy":"product_cat","embeddable":true,"href":"https:\/\/gavermedmening.dk\/index.php?rest_route=%2Fwp%2Fv2%2Fproduct_cat&post=44006"},{"taxonomy":"product_tag","embeddable":true,"href":"https:\/\/gavermedmening.dk\/index.php?rest_route=%2Fwp%2Fv2%2Fproduct_tag&post=44006"}],"curies":[{"name":"wp","href":"https:\/\/api.w.org\/{rel}","templated":true}]}}