{"id":44026,"date":"2024-06-24T18:17:34","date_gmt":"2024-06-24T17:17:34","guid":{"rendered":"https:\/\/gavermedmening.dk\/vare\/rhodineret-soelvkors-25-mm\/"},"modified":"2024-10-27T19:24:19","modified_gmt":"2024-10-27T19:24:19","slug":"rhodineret-soelvkors-25-mm","status":"publish","type":"product","link":"https:\/\/gavermedmening.dk\/?product=rhodineret-soelvkors-25-mm","title":{"rendered":"Rhodineret s\u00f8lvkors &#8211; 25 mm"},"content":{"rendered":"<p><strong>Beskrivelse:<\/strong><\/p>\n<p>Rhodinert ankerk\u00e6de i s\u00f8lv p\u00e5 50 cm medf\u00f8lger.<br \/><strong>\u00a0<\/strong><br \/><span style=\"color: #ffffff;\">Arne Nordlie<\/span><\/p>\n","protected":false},"excerpt":{"rendered":"<p>Beskrivelse: Rhodinert ankerk\u00e6de i s\u00f8lv p\u00e5 50 cm medf\u00f8lger.\u00a0Arne Nordlie<\/p>\n","protected":false},"featured_media":0,"comment_status":"closed","ping_status":"closed","template":"","meta":{"_acf_changed":false,"_et_pb_use_builder":"","_et_pb_old_content":"","_et_gb_content_width":""},"product_brand":[],"product_cat":[6318,6295],"product_tag":[6319],"class_list":{"0":"post-44026","1":"product","2":"type-product","3":"status-publish","5":"product_cat-arne-nordlie","6":"product_cat-halskaeder","7":"product_tag-arne-nordlie","9":"first","10":"instock","11":"taxable","12":"shipping-taxable","13":"purchasable","14":"product-type-simple"},"acf":[],"_links":{"self":[{"href":"https:\/\/gavermedmening.dk\/index.php?rest_route=\/wp\/v2\/product\/44026","targetHints":{"allow":["GET"]}}],"collection":[{"href":"https:\/\/gavermedmening.dk\/index.php?rest_route=\/wp\/v2\/product"}],"about":[{"href":"https:\/\/gavermedmening.dk\/index.php?rest_route=\/wp\/v2\/types\/product"}],"replies":[{"embeddable":true,"href":"https:\/\/gavermedmening.dk\/index.php?rest_route=%2Fwp%2Fv2%2Fcomments&post=44026"}],"wp:attachment":[{"href":"https:\/\/gavermedmening.dk\/index.php?rest_route=%2Fwp%2Fv2%2Fmedia&parent=44026"}],"wp:term":[{"taxonomy":"product_brand","embeddable":true,"href":"https:\/\/gavermedmening.dk\/index.php?rest_route=%2Fwp%2Fv2%2Fproduct_brand&post=44026"},{"taxonomy":"product_cat","embeddable":true,"href":"https:\/\/gavermedmening.dk\/index.php?rest_route=%2Fwp%2Fv2%2Fproduct_cat&post=44026"},{"taxonomy":"product_tag","embeddable":true,"href":"https:\/\/gavermedmening.dk\/index.php?rest_route=%2Fwp%2Fv2%2Fproduct_tag&post=44026"}],"curies":[{"name":"wp","href":"https:\/\/api.w.org\/{rel}","templated":true}]}}