{"id":44028,"date":"2024-06-24T18:16:52","date_gmt":"2024-06-24T17:16:52","guid":{"rendered":"https:\/\/gavermedmening.dk\/vare\/soelvkors-2\/"},"modified":"2024-10-27T19:24:28","modified_gmt":"2024-10-27T19:24:28","slug":"soelvkors-2","status":"publish","type":"product","link":"https:\/\/gavermedmening.dk\/?product=soelvkors-2","title":{"rendered":"S\u00f8lvkors"},"content":{"rendered":"<p><strong>Beskrivelse: <\/strong><\/p>\n<p>Halsk\u00e6de i s\u00f8lv med kors.<\/p>\n<p>H\u00f8jde p\u00e5 kors: 25 mm.<\/p>\n<p>Rhodinert ankerk\u00e6de 48\/50 cm medf\u00f8lger.<\/p>\n<p><span style=\"color: #ffffff;\">Arne Nordlie<\/span><\/p>\n","protected":false},"excerpt":{"rendered":"<p>Beskrivelse: Halsk\u00e6de i s\u00f8lv med kors. H\u00f8jde p\u00e5 kors: 25 mm. Rhodinert ankerk\u00e6de 48\/50 cm medf\u00f8lger. Arne Nordlie<\/p>\n","protected":false},"featured_media":0,"comment_status":"closed","ping_status":"closed","template":"","meta":{"_acf_changed":false,"_et_pb_use_builder":"","_et_pb_old_content":"","_et_gb_content_width":""},"product_brand":[],"product_cat":[6318,6295],"product_tag":[6319],"class_list":{"0":"post-44028","1":"product","2":"type-product","3":"status-publish","5":"product_cat-arne-nordlie","6":"product_cat-halskaeder","7":"product_tag-arne-nordlie","9":"first","10":"instock","11":"taxable","12":"shipping-taxable","13":"purchasable","14":"product-type-simple"},"acf":[],"_links":{"self":[{"href":"https:\/\/gavermedmening.dk\/index.php?rest_route=\/wp\/v2\/product\/44028","targetHints":{"allow":["GET"]}}],"collection":[{"href":"https:\/\/gavermedmening.dk\/index.php?rest_route=\/wp\/v2\/product"}],"about":[{"href":"https:\/\/gavermedmening.dk\/index.php?rest_route=\/wp\/v2\/types\/product"}],"replies":[{"embeddable":true,"href":"https:\/\/gavermedmening.dk\/index.php?rest_route=%2Fwp%2Fv2%2Fcomments&post=44028"}],"wp:attachment":[{"href":"https:\/\/gavermedmening.dk\/index.php?rest_route=%2Fwp%2Fv2%2Fmedia&parent=44028"}],"wp:term":[{"taxonomy":"product_brand","embeddable":true,"href":"https:\/\/gavermedmening.dk\/index.php?rest_route=%2Fwp%2Fv2%2Fproduct_brand&post=44028"},{"taxonomy":"product_cat","embeddable":true,"href":"https:\/\/gavermedmening.dk\/index.php?rest_route=%2Fwp%2Fv2%2Fproduct_cat&post=44028"},{"taxonomy":"product_tag","embeddable":true,"href":"https:\/\/gavermedmening.dk\/index.php?rest_route=%2Fwp%2Fv2%2Fproduct_tag&post=44028"}],"curies":[{"name":"wp","href":"https:\/\/api.w.org\/{rel}","templated":true}]}}