{"id":44066,"date":"2024-06-24T11:48:41","date_gmt":"2024-06-24T10:48:41","guid":{"rendered":"https:\/\/gavermedmening.dk\/vare\/kors-med-kugler-halskaede-soelv\/"},"modified":"2024-10-27T19:36:27","modified_gmt":"2024-10-27T19:36:27","slug":"kors-med-kugler-halskaede-soelv","status":"publish","type":"product","link":"https:\/\/gavermedmening.dk\/?product=kors-med-kugler-halskaede-soelv","title":{"rendered":"Kors med kugler- halsk\u00e6de &#8211; s\u00f8lv"},"content":{"rendered":"<p><strong>Beskrivelse:<\/strong><\/p>\n<p>Kort kuglek\u00e6de med et enkelt\u00a0lille kors placeret midt p\u00e5 k\u00e6den. Til halsk\u00e6den findes ogs\u00e5 et armb\u00e5nd samt sm\u00e5 kors \u00f8restikker. K\u00e6den har en 5 cm extension k\u00e6de, s\u00e5 du kan justere l\u00e6ngden som du \u00f8nsker den.<\/p>\n<p>Materialer: Sterlings\u00f8lv (925) belagt rhodium<\/p>\n<p>M\u00e5l: Vedh\u00e6nget m\u00e5ler 6 x 8 mm &#8211; K\u00e6den er\u00a040 cm (+5 cm extension)<\/p>\n","protected":false},"excerpt":{"rendered":"<p>Beskrivelse: Kort kuglek\u00e6de med et enkelt\u00a0lille kors placeret midt p\u00e5 k\u00e6den. Til halsk\u00e6den findes ogs\u00e5 et armb\u00e5nd samt sm\u00e5 kors \u00f8restikker. K\u00e6den har en 5 cm extension k\u00e6de, s\u00e5 du kan justere l\u00e6ngden som du \u00f8nsker den. Materialer: Sterlings\u00f8lv (925) belagt rhodium M\u00e5l: Vedh\u00e6nget m\u00e5ler 6 x 8 mm &#8211; K\u00e6den er\u00a040 cm (+5 cm [&hellip;]<\/p>\n","protected":false},"featured_media":0,"comment_status":"closed","ping_status":"closed","template":"","meta":{"_acf_changed":false,"_et_pb_use_builder":"","_et_pb_old_content":"","_et_gb_content_width":""},"product_brand":[],"product_cat":[6304,6295],"product_tag":[6305],"class_list":{"0":"post-44066","1":"product","2":"type-product","3":"status-publish","5":"product_cat-by-gabay","6":"product_cat-halskaeder","7":"product_tag-by-gabay","9":"first","10":"instock","11":"taxable","12":"shipping-taxable","13":"purchasable","14":"product-type-simple"},"acf":[],"_links":{"self":[{"href":"https:\/\/gavermedmening.dk\/index.php?rest_route=\/wp\/v2\/product\/44066","targetHints":{"allow":["GET"]}}],"collection":[{"href":"https:\/\/gavermedmening.dk\/index.php?rest_route=\/wp\/v2\/product"}],"about":[{"href":"https:\/\/gavermedmening.dk\/index.php?rest_route=\/wp\/v2\/types\/product"}],"replies":[{"embeddable":true,"href":"https:\/\/gavermedmening.dk\/index.php?rest_route=%2Fwp%2Fv2%2Fcomments&post=44066"}],"wp:attachment":[{"href":"https:\/\/gavermedmening.dk\/index.php?rest_route=%2Fwp%2Fv2%2Fmedia&parent=44066"}],"wp:term":[{"taxonomy":"product_brand","embeddable":true,"href":"https:\/\/gavermedmening.dk\/index.php?rest_route=%2Fwp%2Fv2%2Fproduct_brand&post=44066"},{"taxonomy":"product_cat","embeddable":true,"href":"https:\/\/gavermedmening.dk\/index.php?rest_route=%2Fwp%2Fv2%2Fproduct_cat&post=44066"},{"taxonomy":"product_tag","embeddable":true,"href":"https:\/\/gavermedmening.dk\/index.php?rest_route=%2Fwp%2Fv2%2Fproduct_tag&post=44066"}],"curies":[{"name":"wp","href":"https:\/\/api.w.org\/{rel}","templated":true}]}}