{"id":44078,"date":"2024-06-24T11:32:45","date_gmt":"2024-06-24T10:32:45","guid":{"rendered":"https:\/\/gavermedmening.dk\/vare\/beskyttelse-og-velsignelse-halskaede-med-vedhaeng-kors\/"},"modified":"2024-10-27T19:37:22","modified_gmt":"2024-10-27T19:37:22","slug":"beskyttelse-og-velsignelse-halskaede-med-vedhaeng-kors","status":"publish","type":"product","link":"https:\/\/gavermedmening.dk\/?product=beskyttelse-og-velsignelse-halskaede-med-vedhaeng-kors","title":{"rendered":"Beskyttelse og velsignelse &#8211; halsk\u00e6de med vedh\u00e6ng &#8211; kors"},"content":{"rendered":"<p><strong>Beskrivelse:\u00a0<\/strong><br \/>Metalhalsk\u00e6de p\u00e5 45 cm med 1 cm vedh\u00e6ng lavet af rosa guldfarvet metal, med justerbar l\u00e5s.<\/p>\n","protected":false},"excerpt":{"rendered":"<p>Beskrivelse:\u00a0Metalhalsk\u00e6de p\u00e5 45 cm med 1 cm vedh\u00e6ng lavet af rosa guldfarvet metal, med justerbar l\u00e5s.<\/p>\n","protected":false},"featured_media":0,"comment_status":"closed","ping_status":"closed","template":"","meta":{"_acf_changed":false,"_et_pb_use_builder":"","_et_pb_old_content":"","_et_gb_content_width":""},"product_brand":[],"product_cat":[6246,6295],"product_tag":[],"class_list":{"0":"post-44078","1":"product","2":"type-product","3":"status-publish","5":"product_cat-butzon","6":"product_cat-halskaeder","8":"first","9":"instock","10":"taxable","11":"shipping-taxable","12":"purchasable","13":"product-type-simple"},"acf":[],"_links":{"self":[{"href":"https:\/\/gavermedmening.dk\/index.php?rest_route=\/wp\/v2\/product\/44078","targetHints":{"allow":["GET"]}}],"collection":[{"href":"https:\/\/gavermedmening.dk\/index.php?rest_route=\/wp\/v2\/product"}],"about":[{"href":"https:\/\/gavermedmening.dk\/index.php?rest_route=\/wp\/v2\/types\/product"}],"replies":[{"embeddable":true,"href":"https:\/\/gavermedmening.dk\/index.php?rest_route=%2Fwp%2Fv2%2Fcomments&post=44078"}],"wp:attachment":[{"href":"https:\/\/gavermedmening.dk\/index.php?rest_route=%2Fwp%2Fv2%2Fmedia&parent=44078"}],"wp:term":[{"taxonomy":"product_brand","embeddable":true,"href":"https:\/\/gavermedmening.dk\/index.php?rest_route=%2Fwp%2Fv2%2Fproduct_brand&post=44078"},{"taxonomy":"product_cat","embeddable":true,"href":"https:\/\/gavermedmening.dk\/index.php?rest_route=%2Fwp%2Fv2%2Fproduct_cat&post=44078"},{"taxonomy":"product_tag","embeddable":true,"href":"https:\/\/gavermedmening.dk\/index.php?rest_route=%2Fwp%2Fv2%2Fproduct_tag&post=44078"}],"curies":[{"name":"wp","href":"https:\/\/api.w.org\/{rel}","templated":true}]}}