{"id":44085,"date":"2024-06-24T11:30:07","date_gmt":"2024-06-24T10:30:07","guid":{"rendered":"https:\/\/gavermedmening.dk\/vare\/halskaede-med-livstrae-engelvedhaeng-og-swarovski-krystal-rosa-guldfarvet\/"},"modified":"2024-10-27T19:37:54","modified_gmt":"2024-10-27T19:37:54","slug":"halskaede-med-livstrae-engelvedhaeng-og-swarovski-krystal-rosa-guldfarvet","status":"publish","type":"product","link":"https:\/\/gavermedmening.dk\/?product=halskaede-med-livstrae-engelvedhaeng-og-swarovski-krystal-rosa-guldfarvet","title":{"rendered":"Halsk\u00e6de med livstr\u00e6, engelvedh\u00e6ng og Swarovski-krystal &#8211; rosa guldfarvet"},"content":{"rendered":"<p><strong>Beskrivelse:\u00a0<\/strong><br \/>Metalk\u00e6de 47 cm lang, Livstr\u00e6 2 cm, engel 1 x 1,3 cm, krystal 0,6 cm.<\/p>\n<p>I gave\u00e6ske med tysk tekst<\/p>\n","protected":false},"excerpt":{"rendered":"<p>Beskrivelse:\u00a0Metalk\u00e6de 47 cm lang, Livstr\u00e6 2 cm, engel 1 x 1,3 cm, krystal 0,6 cm. I gave\u00e6ske med tysk tekst<\/p>\n","protected":false},"featured_media":0,"comment_status":"closed","ping_status":"closed","template":"","meta":{"_acf_changed":false,"_et_pb_use_builder":"","_et_pb_old_content":"","_et_gb_content_width":""},"product_brand":[],"product_cat":[6246,6295],"product_tag":[],"class_list":{"0":"post-44085","1":"product","2":"type-product","3":"status-publish","5":"product_cat-butzon","6":"product_cat-halskaeder","8":"first","9":"instock","10":"taxable","11":"shipping-taxable","12":"purchasable","13":"product-type-simple"},"acf":[],"_links":{"self":[{"href":"https:\/\/gavermedmening.dk\/index.php?rest_route=\/wp\/v2\/product\/44085","targetHints":{"allow":["GET"]}}],"collection":[{"href":"https:\/\/gavermedmening.dk\/index.php?rest_route=\/wp\/v2\/product"}],"about":[{"href":"https:\/\/gavermedmening.dk\/index.php?rest_route=\/wp\/v2\/types\/product"}],"replies":[{"embeddable":true,"href":"https:\/\/gavermedmening.dk\/index.php?rest_route=%2Fwp%2Fv2%2Fcomments&post=44085"}],"wp:attachment":[{"href":"https:\/\/gavermedmening.dk\/index.php?rest_route=%2Fwp%2Fv2%2Fmedia&parent=44085"}],"wp:term":[{"taxonomy":"product_brand","embeddable":true,"href":"https:\/\/gavermedmening.dk\/index.php?rest_route=%2Fwp%2Fv2%2Fproduct_brand&post=44085"},{"taxonomy":"product_cat","embeddable":true,"href":"https:\/\/gavermedmening.dk\/index.php?rest_route=%2Fwp%2Fv2%2Fproduct_cat&post=44085"},{"taxonomy":"product_tag","embeddable":true,"href":"https:\/\/gavermedmening.dk\/index.php?rest_route=%2Fwp%2Fv2%2Fproduct_tag&post=44085"}],"curies":[{"name":"wp","href":"https:\/\/api.w.org\/{rel}","templated":true}]}}