{"id":44111,"date":"2024-06-24T11:20:52","date_gmt":"2024-06-24T10:20:52","guid":{"rendered":"https:\/\/gavermedmening.dk\/vare\/kors-halskaede-rhodineret-soelv\/"},"modified":"2024-10-27T19:43:28","modified_gmt":"2024-10-27T19:43:28","slug":"kors-halskaede-rhodineret-soelv","status":"publish","type":"product","link":"https:\/\/gavermedmening.dk\/?product=kors-halskaede-rhodineret-soelv","title":{"rendered":"Kors &#8211; halsk\u00e6de &#8211; rhodineret s\u00f8lv"},"content":{"rendered":"<p><strong>Beskrivelse:<\/strong><\/p>\n<p>Lille kors\u00a0p\u00e5 kort k\u00e6de (42 + 5\u00a0cm)<\/p>\n<p>Begge dele i rhodineret sterlings\u00f8lv<\/p>\n<p>Vedh\u00e6nget m\u00e5ler 1 x 1,3 cm.<\/p>\n","protected":false},"excerpt":{"rendered":"<p>Beskrivelse: Lille kors\u00a0p\u00e5 kort k\u00e6de (42 + 5\u00a0cm) Begge dele i rhodineret sterlings\u00f8lv Vedh\u00e6nget m\u00e5ler 1 x 1,3 cm.<\/p>\n","protected":false},"featured_media":0,"comment_status":"closed","ping_status":"closed","template":"","meta":{"_acf_changed":false,"_et_pb_use_builder":"","_et_pb_old_content":"","_et_gb_content_width":""},"product_brand":[],"product_cat":[6304,6295],"product_tag":[6305],"class_list":{"0":"post-44111","1":"product","2":"type-product","3":"status-publish","5":"product_cat-by-gabay","6":"product_cat-halskaeder","7":"product_tag-by-gabay","9":"first","10":"instock","11":"taxable","12":"shipping-taxable","13":"purchasable","14":"product-type-simple"},"acf":[],"_links":{"self":[{"href":"https:\/\/gavermedmening.dk\/index.php?rest_route=\/wp\/v2\/product\/44111","targetHints":{"allow":["GET"]}}],"collection":[{"href":"https:\/\/gavermedmening.dk\/index.php?rest_route=\/wp\/v2\/product"}],"about":[{"href":"https:\/\/gavermedmening.dk\/index.php?rest_route=\/wp\/v2\/types\/product"}],"replies":[{"embeddable":true,"href":"https:\/\/gavermedmening.dk\/index.php?rest_route=%2Fwp%2Fv2%2Fcomments&post=44111"}],"wp:attachment":[{"href":"https:\/\/gavermedmening.dk\/index.php?rest_route=%2Fwp%2Fv2%2Fmedia&parent=44111"}],"wp:term":[{"taxonomy":"product_brand","embeddable":true,"href":"https:\/\/gavermedmening.dk\/index.php?rest_route=%2Fwp%2Fv2%2Fproduct_brand&post=44111"},{"taxonomy":"product_cat","embeddable":true,"href":"https:\/\/gavermedmening.dk\/index.php?rest_route=%2Fwp%2Fv2%2Fproduct_cat&post=44111"},{"taxonomy":"product_tag","embeddable":true,"href":"https:\/\/gavermedmening.dk\/index.php?rest_route=%2Fwp%2Fv2%2Fproduct_tag&post=44111"}],"curies":[{"name":"wp","href":"https:\/\/api.w.org\/{rel}","templated":true}]}}