{"id":44117,"date":"2024-06-24T11:18:53","date_gmt":"2024-06-24T10:18:53","guid":{"rendered":"https:\/\/gavermedmening.dk\/vare\/min-engel-halskaede-guldbelagt-sterling-soelv\/"},"modified":"2024-10-27T19:43:55","modified_gmt":"2024-10-27T19:43:55","slug":"min-engel-halskaede-guldbelagt-sterling-soelv","status":"publish","type":"product","link":"https:\/\/gavermedmening.dk\/?product=min-engel-halskaede-guldbelagt-sterling-soelv","title":{"rendered":"Min engel &#8211; halsk\u00e6de &#8211; guldbelagt sterling s\u00f8lv"},"content":{"rendered":"<p><strong>Beskrivelse:<\/strong><\/p>\n<p>&#8220;Min engel&#8221; er en s\u00f8d lille engel halsk\u00e6de med hjertevinger.<\/p>\n<p>Materialer: Sterlings\u00f8lv (925) belagt med guld<\/p>\n<p>M\u00e5l: Vedh\u00e6nget m\u00e5ler 10\u00a0x 16\u00a0mm\u00a0&#8211; K\u00e6den er\u00a042\u00a0cm (+5 cm extension, der giver mulighed for at justere l\u00e6ngden)<\/p>\n","protected":false},"excerpt":{"rendered":"<p>Beskrivelse: &#8220;Min engel&#8221; er en s\u00f8d lille engel halsk\u00e6de med hjertevinger. Materialer: Sterlings\u00f8lv (925) belagt med guld M\u00e5l: Vedh\u00e6nget m\u00e5ler 10\u00a0x 16\u00a0mm\u00a0&#8211; K\u00e6den er\u00a042\u00a0cm (+5 cm extension, der giver mulighed for at justere l\u00e6ngden)<\/p>\n","protected":false},"featured_media":0,"comment_status":"closed","ping_status":"closed","template":"","meta":{"_acf_changed":false,"_et_pb_use_builder":"","_et_pb_old_content":"","_et_gb_content_width":""},"product_brand":[],"product_cat":[6304,6295],"product_tag":[6305],"class_list":{"0":"post-44117","1":"product","2":"type-product","3":"status-publish","5":"product_cat-by-gabay","6":"product_cat-halskaeder","7":"product_tag-by-gabay","9":"first","10":"instock","11":"taxable","12":"shipping-taxable","13":"purchasable","14":"product-type-simple"},"acf":[],"_links":{"self":[{"href":"https:\/\/gavermedmening.dk\/index.php?rest_route=\/wp\/v2\/product\/44117","targetHints":{"allow":["GET"]}}],"collection":[{"href":"https:\/\/gavermedmening.dk\/index.php?rest_route=\/wp\/v2\/product"}],"about":[{"href":"https:\/\/gavermedmening.dk\/index.php?rest_route=\/wp\/v2\/types\/product"}],"replies":[{"embeddable":true,"href":"https:\/\/gavermedmening.dk\/index.php?rest_route=%2Fwp%2Fv2%2Fcomments&post=44117"}],"wp:attachment":[{"href":"https:\/\/gavermedmening.dk\/index.php?rest_route=%2Fwp%2Fv2%2Fmedia&parent=44117"}],"wp:term":[{"taxonomy":"product_brand","embeddable":true,"href":"https:\/\/gavermedmening.dk\/index.php?rest_route=%2Fwp%2Fv2%2Fproduct_brand&post=44117"},{"taxonomy":"product_cat","embeddable":true,"href":"https:\/\/gavermedmening.dk\/index.php?rest_route=%2Fwp%2Fv2%2Fproduct_cat&post=44117"},{"taxonomy":"product_tag","embeddable":true,"href":"https:\/\/gavermedmening.dk\/index.php?rest_route=%2Fwp%2Fv2%2Fproduct_tag&post=44117"}],"curies":[{"name":"wp","href":"https:\/\/api.w.org\/{rel}","templated":true}]}}