{"id":44126,"date":"2024-06-24T11:16:34","date_gmt":"2024-06-24T10:16:34","guid":{"rendered":"https:\/\/gavermedmening.dk\/vare\/i-mit-hjerte-halskaede-guldbelagt-sterling-soelv\/"},"modified":"2024-10-27T19:44:36","modified_gmt":"2024-10-27T19:44:36","slug":"i-mit-hjerte-halskaede-guldbelagt-sterling-soelv","status":"publish","type":"product","link":"https:\/\/gavermedmening.dk\/?product=i-mit-hjerte-halskaede-guldbelagt-sterling-soelv","title":{"rendered":"I mit hjerte &#8211; halsk\u00e6de &#8211; guldbelagt sterling s\u00f8lv"},"content":{"rendered":"<p><strong>Beskrivelse:<\/strong><\/p>\n<p>Denne halsk\u00e6de er en k\u00e6rlighedserkl\u00e6ring til alt det smukke i livet.<br \/>Det fine hjerte vedh\u00e6ng er med blank overflade og er med en 85 cm lang faceteret kuglek\u00e6de.<\/p>\n<p>Materialer: Sterlings\u00f8lv (925) belagt rhodium<\/p>\n<p>M\u00e5l: Vedh\u00e6nget m\u00e5ler 2,5 x 3,2 cm &#8211; K\u00e6den 85 cm<\/p>\n","protected":false},"excerpt":{"rendered":"<p>Beskrivelse: Denne halsk\u00e6de er en k\u00e6rlighedserkl\u00e6ring til alt det smukke i livet.Det fine hjerte vedh\u00e6ng er med blank overflade og er med en 85 cm lang faceteret kuglek\u00e6de. Materialer: Sterlings\u00f8lv (925) belagt rhodium M\u00e5l: Vedh\u00e6nget m\u00e5ler 2,5 x 3,2 cm &#8211; K\u00e6den 85 cm<\/p>\n","protected":false},"featured_media":0,"comment_status":"closed","ping_status":"closed","template":"","meta":{"_acf_changed":false,"_et_pb_use_builder":"","_et_pb_old_content":"","_et_gb_content_width":""},"product_brand":[],"product_cat":[6304,6295],"product_tag":[6305],"class_list":{"0":"post-44126","1":"product","2":"type-product","3":"status-publish","5":"product_cat-by-gabay","6":"product_cat-halskaeder","7":"product_tag-by-gabay","9":"first","10":"instock","11":"taxable","12":"shipping-taxable","13":"purchasable","14":"product-type-simple"},"acf":[],"_links":{"self":[{"href":"https:\/\/gavermedmening.dk\/index.php?rest_route=\/wp\/v2\/product\/44126","targetHints":{"allow":["GET"]}}],"collection":[{"href":"https:\/\/gavermedmening.dk\/index.php?rest_route=\/wp\/v2\/product"}],"about":[{"href":"https:\/\/gavermedmening.dk\/index.php?rest_route=\/wp\/v2\/types\/product"}],"replies":[{"embeddable":true,"href":"https:\/\/gavermedmening.dk\/index.php?rest_route=%2Fwp%2Fv2%2Fcomments&post=44126"}],"wp:attachment":[{"href":"https:\/\/gavermedmening.dk\/index.php?rest_route=%2Fwp%2Fv2%2Fmedia&parent=44126"}],"wp:term":[{"taxonomy":"product_brand","embeddable":true,"href":"https:\/\/gavermedmening.dk\/index.php?rest_route=%2Fwp%2Fv2%2Fproduct_brand&post=44126"},{"taxonomy":"product_cat","embeddable":true,"href":"https:\/\/gavermedmening.dk\/index.php?rest_route=%2Fwp%2Fv2%2Fproduct_cat&post=44126"},{"taxonomy":"product_tag","embeddable":true,"href":"https:\/\/gavermedmening.dk\/index.php?rest_route=%2Fwp%2Fv2%2Fproduct_tag&post=44126"}],"curies":[{"name":"wp","href":"https:\/\/api.w.org\/{rel}","templated":true}]}}