{"id":44129,"date":"2024-06-24T11:15:22","date_gmt":"2024-06-24T10:15:22","guid":{"rendered":"https:\/\/gavermedmening.dk\/vare\/ankerhalskaede-soelv-60-cm\/"},"modified":"2024-10-27T19:44:49","modified_gmt":"2024-10-27T19:44:49","slug":"ankerhalskaede-soelv-60-cm","status":"publish","type":"product","link":"https:\/\/gavermedmening.dk\/?product=ankerhalskaede-soelv-60-cm","title":{"rendered":"Ankerhalsk\u00e6de &#8211; s\u00f8lv &#8211; 60 cm"},"content":{"rendered":"<p><strong>Beskrivelse:<\/strong><\/p>\n<p>Denne halsk\u00e6de er en sofistikeret ankerk\u00e6de.<\/p>\n<p>Den har otte flotte diamantsk\u00e6ringer p\u00e5 hvert k\u00e6deled og ser super elegant ud omkring din hals<\/p>\n<ul>\n<li>Dimension: 2 mm<\/li>\n<li>Legering: s\u00f8lv 925\/000, sterlings\u00f8lv<\/li>\n<li>L\u00e5s: O-ring<\/li>\n<li>K\u00e6destil: ankerk\u00e6de<\/li>\n<li>L\u00e6ngde: 60 cm<\/li>\n<li>V\u00e6gt: 6,7 g<\/li>\n<\/ul>\n","protected":false},"excerpt":{"rendered":"<p>Beskrivelse: Denne halsk\u00e6de er en sofistikeret ankerk\u00e6de. Den har otte flotte diamantsk\u00e6ringer p\u00e5 hvert k\u00e6deled og ser super elegant ud omkring din hals Dimension: 2 mm Legering: s\u00f8lv 925\/000, sterlings\u00f8lv L\u00e5s: O-ring K\u00e6destil: ankerk\u00e6de L\u00e6ngde: 60 cm V\u00e6gt: 6,7 g<\/p>\n","protected":false},"featured_media":0,"comment_status":"closed","ping_status":"closed","template":"","meta":{"_acf_changed":false,"_et_pb_use_builder":"","_et_pb_old_content":"","_et_gb_content_width":""},"product_brand":[],"product_cat":[6322,6295],"product_tag":[],"class_list":{"0":"post-44129","1":"product","2":"type-product","3":"status-publish","5":"product_cat-gallay-smuckzone","6":"product_cat-halskaeder","8":"first","9":"instock","10":"taxable","11":"shipping-taxable","12":"purchasable","13":"product-type-simple"},"acf":[],"_links":{"self":[{"href":"https:\/\/gavermedmening.dk\/index.php?rest_route=\/wp\/v2\/product\/44129","targetHints":{"allow":["GET"]}}],"collection":[{"href":"https:\/\/gavermedmening.dk\/index.php?rest_route=\/wp\/v2\/product"}],"about":[{"href":"https:\/\/gavermedmening.dk\/index.php?rest_route=\/wp\/v2\/types\/product"}],"replies":[{"embeddable":true,"href":"https:\/\/gavermedmening.dk\/index.php?rest_route=%2Fwp%2Fv2%2Fcomments&post=44129"}],"wp:attachment":[{"href":"https:\/\/gavermedmening.dk\/index.php?rest_route=%2Fwp%2Fv2%2Fmedia&parent=44129"}],"wp:term":[{"taxonomy":"product_brand","embeddable":true,"href":"https:\/\/gavermedmening.dk\/index.php?rest_route=%2Fwp%2Fv2%2Fproduct_brand&post=44129"},{"taxonomy":"product_cat","embeddable":true,"href":"https:\/\/gavermedmening.dk\/index.php?rest_route=%2Fwp%2Fv2%2Fproduct_cat&post=44129"},{"taxonomy":"product_tag","embeddable":true,"href":"https:\/\/gavermedmening.dk\/index.php?rest_route=%2Fwp%2Fv2%2Fproduct_tag&post=44129"}],"curies":[{"name":"wp","href":"https:\/\/api.w.org\/{rel}","templated":true}]}}