{"id":44132,"date":"2024-06-24T11:14:50","date_gmt":"2024-06-24T10:14:50","guid":{"rendered":"https:\/\/gavermedmening.dk\/vare\/raevehalehalskaede-foxtail-soelv-50-cm\/"},"modified":"2024-10-27T19:45:02","modified_gmt":"2024-10-27T19:45:02","slug":"raevehalehalskaede-foxtail-soelv-50-cm","status":"publish","type":"product","link":"https:\/\/gavermedmening.dk\/?product=raevehalehalskaede-foxtail-soelv-50-cm","title":{"rendered":"R\u00e6vehalehalsk\u00e6de (foxtail) &#8211; s\u00f8lv &#8211; 50 cm"},"content":{"rendered":"<p><strong>Beskrivelse:<\/strong><\/p>\n<p>Elegant vedh\u00e6ngsk\u00e6de 1,5 mm i foxtail k\u00e6dem\u00f8nster i sterlings\u00f8lv 925, firkantsslebet (poleret), 50 cm lang. Smykkek\u00e6den kan b\u00e6res individuelt eller med et vedh\u00e6ng. Tr\u00e5dnettet i foxtail-k\u00e6den,er udf\u00f8rligt fremstillet i juvelererkvalitet og af h\u00f8j kvalitet. Omhyggeligt b\u00e5ret og opbevaret giver denne smukke s\u00f8lvk\u00e6de gl\u00e6de i mange \u00e5r.<\/p>\n<ul>\n<li>Dimension: 1,5 mm<\/li>\n<li>Legering: 925\/000 s\u00f8lv<\/li>\n<li>L\u00e5s: karabinhage<\/li>\n<li>K\u00e6detype: foxtail-k\u00e6de<\/li>\n<li>L\u00e6ngde: 50 cm<\/li>\n<li>V\u00e6gt: 5,1 g<\/li>\n<\/ul>\n","protected":false},"excerpt":{"rendered":"<p>Beskrivelse: Elegant vedh\u00e6ngsk\u00e6de 1,5 mm i foxtail k\u00e6dem\u00f8nster i sterlings\u00f8lv 925, firkantsslebet (poleret), 50 cm lang. Smykkek\u00e6den kan b\u00e6res individuelt eller med et vedh\u00e6ng. Tr\u00e5dnettet i foxtail-k\u00e6den,er udf\u00f8rligt fremstillet i juvelererkvalitet og af h\u00f8j kvalitet. Omhyggeligt b\u00e5ret og opbevaret giver denne smukke s\u00f8lvk\u00e6de gl\u00e6de i mange \u00e5r. Dimension: 1,5 mm Legering: 925\/000 s\u00f8lv L\u00e5s: karabinhage [&hellip;]<\/p>\n","protected":false},"featured_media":0,"comment_status":"closed","ping_status":"closed","template":"","meta":{"_acf_changed":false,"_et_pb_use_builder":"","_et_pb_old_content":"","_et_gb_content_width":""},"product_brand":[],"product_cat":[6322,6295],"product_tag":[],"class_list":{"0":"post-44132","1":"product","2":"type-product","3":"status-publish","5":"product_cat-gallay-smuckzone","6":"product_cat-halskaeder","8":"first","9":"instock","10":"taxable","11":"shipping-taxable","12":"purchasable","13":"product-type-simple"},"acf":[],"_links":{"self":[{"href":"https:\/\/gavermedmening.dk\/index.php?rest_route=\/wp\/v2\/product\/44132","targetHints":{"allow":["GET"]}}],"collection":[{"href":"https:\/\/gavermedmening.dk\/index.php?rest_route=\/wp\/v2\/product"}],"about":[{"href":"https:\/\/gavermedmening.dk\/index.php?rest_route=\/wp\/v2\/types\/product"}],"replies":[{"embeddable":true,"href":"https:\/\/gavermedmening.dk\/index.php?rest_route=%2Fwp%2Fv2%2Fcomments&post=44132"}],"wp:attachment":[{"href":"https:\/\/gavermedmening.dk\/index.php?rest_route=%2Fwp%2Fv2%2Fmedia&parent=44132"}],"wp:term":[{"taxonomy":"product_brand","embeddable":true,"href":"https:\/\/gavermedmening.dk\/index.php?rest_route=%2Fwp%2Fv2%2Fproduct_brand&post=44132"},{"taxonomy":"product_cat","embeddable":true,"href":"https:\/\/gavermedmening.dk\/index.php?rest_route=%2Fwp%2Fv2%2Fproduct_cat&post=44132"},{"taxonomy":"product_tag","embeddable":true,"href":"https:\/\/gavermedmening.dk\/index.php?rest_route=%2Fwp%2Fv2%2Fproduct_tag&post=44132"}],"curies":[{"name":"wp","href":"https:\/\/api.w.org\/{rel}","templated":true}]}}