{"id":44133,"date":"2024-06-24T11:14:02","date_gmt":"2024-06-24T10:14:02","guid":{"rendered":"https:\/\/gavermedmening.dk\/vare\/tonda-halskaede-forgyldt\/"},"modified":"2024-10-27T19:45:07","modified_gmt":"2024-10-27T19:45:07","slug":"tonda-halskaede-forgyldt","status":"publish","type":"product","link":"https:\/\/gavermedmening.dk\/?product=tonda-halskaede-forgyldt","title":{"rendered":"Tonda halsk\u00e6de &#8211; forgyldt"},"content":{"rendered":"<p><strong>Beskrivelse:<\/strong><\/p>\n<p>Nobel choker med meget god forgyldning &#8211; halsk\u00e6de og k\u00e6de i en! Stiv nok til at glide p\u00e5 et vedh\u00e6ng, kugle eller perle og fleksibel nok til at ligge behageligt bl\u00f8dt p\u00e5 nakken.<\/p>\n<p>Grundmaterialet i denne forgyldte choker er en nikkelfri messinglegering.<\/p>\n<p>Med denne 1,2 mm tynde, runde choker bliver hvert double- eller guldk\u00e6de-vedh\u00e6ng mere attraktivt s\u00e5vel som enhver dekollet\u00e9 . En fest for \u00f8jnene, ogs\u00e5 b\u00e5ret alene og individuelt uden vedh\u00e6ng! Den guldbelagte choker passer godt b\u00e5de til hverdagens kontorliv og til festlige lejligheder. Pynt det med glasperler, \u00e6gte sten eller ekstravagante vedh\u00e6ng hver dag i et nyt look!<\/p>\n<ul>\n<li>Dimension: 1,2 mm<\/li>\n<li>Legering: 3-4 mikron forgyldt<\/li>\n<li>L\u00e6ngde: 45 cm<\/li>\n<li>V\u00e6gt: 4,1 g<\/li>\n<li>L\u00e5s: karabinhage<\/li>\n<\/ul>\n","protected":false},"excerpt":{"rendered":"<p>Beskrivelse: Nobel choker med meget god forgyldning &#8211; halsk\u00e6de og k\u00e6de i en! Stiv nok til at glide p\u00e5 et vedh\u00e6ng, kugle eller perle og fleksibel nok til at ligge behageligt bl\u00f8dt p\u00e5 nakken. Grundmaterialet i denne forgyldte choker er en nikkelfri messinglegering. Med denne 1,2 mm tynde, runde choker bliver hvert double- eller guldk\u00e6de-vedh\u00e6ng [&hellip;]<\/p>\n","protected":false},"featured_media":0,"comment_status":"closed","ping_status":"closed","template":"","meta":{"_acf_changed":false,"_et_pb_use_builder":"","_et_pb_old_content":"","_et_gb_content_width":""},"product_brand":[],"product_cat":[6322,6295],"product_tag":[],"class_list":{"0":"post-44133","1":"product","2":"type-product","3":"status-publish","5":"product_cat-gallay-smuckzone","6":"product_cat-halskaeder","8":"first","9":"instock","10":"taxable","11":"shipping-taxable","12":"purchasable","13":"product-type-simple"},"acf":[],"_links":{"self":[{"href":"https:\/\/gavermedmening.dk\/index.php?rest_route=\/wp\/v2\/product\/44133","targetHints":{"allow":["GET"]}}],"collection":[{"href":"https:\/\/gavermedmening.dk\/index.php?rest_route=\/wp\/v2\/product"}],"about":[{"href":"https:\/\/gavermedmening.dk\/index.php?rest_route=\/wp\/v2\/types\/product"}],"replies":[{"embeddable":true,"href":"https:\/\/gavermedmening.dk\/index.php?rest_route=%2Fwp%2Fv2%2Fcomments&post=44133"}],"wp:attachment":[{"href":"https:\/\/gavermedmening.dk\/index.php?rest_route=%2Fwp%2Fv2%2Fmedia&parent=44133"}],"wp:term":[{"taxonomy":"product_brand","embeddable":true,"href":"https:\/\/gavermedmening.dk\/index.php?rest_route=%2Fwp%2Fv2%2Fproduct_brand&post=44133"},{"taxonomy":"product_cat","embeddable":true,"href":"https:\/\/gavermedmening.dk\/index.php?rest_route=%2Fwp%2Fv2%2Fproduct_cat&post=44133"},{"taxonomy":"product_tag","embeddable":true,"href":"https:\/\/gavermedmening.dk\/index.php?rest_route=%2Fwp%2Fv2%2Fproduct_tag&post=44133"}],"curies":[{"name":"wp","href":"https:\/\/api.w.org\/{rel}","templated":true}]}}