{"id":44134,"date":"2024-06-24T11:14:02","date_gmt":"2024-06-24T10:14:02","guid":{"rendered":"https:\/\/gavermedmening.dk\/vare\/veneziakaede-forgyldt-60-cm\/"},"modified":"2024-10-27T19:45:12","modified_gmt":"2024-10-27T19:45:12","slug":"veneziakaede-forgyldt-60-cm","status":"publish","type":"product","link":"https:\/\/gavermedmening.dk\/?product=veneziakaede-forgyldt-60-cm","title":{"rendered":"Veneziak\u00e6de &#8211; forgyldt &#8211; 60 cm"},"content":{"rendered":"<p><strong>Beskrivelse:<\/strong><\/p>\n<p>Tynd, robust vedh\u00e6ngsk\u00e6de med venezia-m\u00f8nster, 60 cm lang med dobbelt forgyldning. Grundmaterialet her er en tombac-legering (messinglegering). Dette k\u00e6dem\u00f8nster er et af standardk\u00e6dem\u00f8nstrene og passer godt til mindre doublevedh\u00e6ng, men ogs\u00e5 med \u00e6gte guldvedh\u00e6ng. Den meget gode forgyldning garanterer lang holdbarhed og gl\u00e6de med denne k\u00e6de.<\/p>\n<ul>\n<li>Dimension: 1&#215;1 mm<\/li>\n<li>Legering: 3-4 mikron forgyldt<\/li>\n<li>L\u00e6ngde: 60 cm<\/li>\n<li>L\u00e5s: Fjederl\u00e5s<\/li>\n<\/ul>\n","protected":false},"excerpt":{"rendered":"<p>Beskrivelse: Tynd, robust vedh\u00e6ngsk\u00e6de med venezia-m\u00f8nster, 60 cm lang med dobbelt forgyldning. Grundmaterialet her er en tombac-legering (messinglegering). Dette k\u00e6dem\u00f8nster er et af standardk\u00e6dem\u00f8nstrene og passer godt til mindre doublevedh\u00e6ng, men ogs\u00e5 med \u00e6gte guldvedh\u00e6ng. Den meget gode forgyldning garanterer lang holdbarhed og gl\u00e6de med denne k\u00e6de. Dimension: 1&#215;1 mm Legering: 3-4 mikron forgyldt L\u00e6ngde: [&hellip;]<\/p>\n","protected":false},"featured_media":0,"comment_status":"closed","ping_status":"closed","template":"","meta":{"_acf_changed":false,"_et_pb_use_builder":"","_et_pb_old_content":"","_et_gb_content_width":""},"product_brand":[],"product_cat":[6322,6295],"product_tag":[],"class_list":{"0":"post-44134","1":"product","2":"type-product","3":"status-publish","5":"product_cat-gallay-smuckzone","6":"product_cat-halskaeder","8":"first","9":"instock","10":"taxable","11":"shipping-taxable","12":"purchasable","13":"product-type-simple"},"acf":[],"_links":{"self":[{"href":"https:\/\/gavermedmening.dk\/index.php?rest_route=\/wp\/v2\/product\/44134","targetHints":{"allow":["GET"]}}],"collection":[{"href":"https:\/\/gavermedmening.dk\/index.php?rest_route=\/wp\/v2\/product"}],"about":[{"href":"https:\/\/gavermedmening.dk\/index.php?rest_route=\/wp\/v2\/types\/product"}],"replies":[{"embeddable":true,"href":"https:\/\/gavermedmening.dk\/index.php?rest_route=%2Fwp%2Fv2%2Fcomments&post=44134"}],"wp:attachment":[{"href":"https:\/\/gavermedmening.dk\/index.php?rest_route=%2Fwp%2Fv2%2Fmedia&parent=44134"}],"wp:term":[{"taxonomy":"product_brand","embeddable":true,"href":"https:\/\/gavermedmening.dk\/index.php?rest_route=%2Fwp%2Fv2%2Fproduct_brand&post=44134"},{"taxonomy":"product_cat","embeddable":true,"href":"https:\/\/gavermedmening.dk\/index.php?rest_route=%2Fwp%2Fv2%2Fproduct_cat&post=44134"},{"taxonomy":"product_tag","embeddable":true,"href":"https:\/\/gavermedmening.dk\/index.php?rest_route=%2Fwp%2Fv2%2Fproduct_tag&post=44134"}],"curies":[{"name":"wp","href":"https:\/\/api.w.org\/{rel}","templated":true}]}}