{"id":44141,"date":"2024-06-24T11:11:14","date_gmt":"2024-06-24T10:11:14","guid":{"rendered":"https:\/\/gavermedmening.dk\/vare\/panserkaede-guldbelagt-60-cm\/"},"modified":"2024-10-27T19:45:44","modified_gmt":"2024-10-27T19:45:44","slug":"panserkaede-guldbelagt-60-cm","status":"publish","type":"product","link":"https:\/\/gavermedmening.dk\/?product=panserkaede-guldbelagt-60-cm","title":{"rendered":"Panserk\u00e6de guldbelagt &#8211; 60 cm"},"content":{"rendered":"<p><strong>Beskrivelse:<\/strong><\/p>\n<p>Tynd, robust vedh\u00e6ngsk\u00e6de i et fladt panserm\u00f8nter, dobbeltslebet, 60 cm langt med dobbelt forgyldning. Grundmaterialet her er en tombac-legering (messinglegering). Panserk\u00e6den er et af standardk\u00e6dem\u00f8nstrene og passer godt sammen med gulddoublevedh\u00e6ng, men ogs\u00e5 med \u00e6gte guldvedh\u00e6ng. Den meget gode forgyldning garanterer lang holdbarhed og gl\u00e6de med denne k\u00e6de.<\/p>\n<ul>\n<li>Dimension: 1,6 mm<\/li>\n<li>Legering: 3-4 mikron forgyldt<\/li>\n<li>L\u00e6ngde: 60cm<\/li>\n<li>V\u00e6gt: 4,4 g<\/li>\n<li>L\u00e5s: Fjederl\u00e5s<\/li>\n<\/ul>\n","protected":false},"excerpt":{"rendered":"<p>Beskrivelse: Tynd, robust vedh\u00e6ngsk\u00e6de i et fladt panserm\u00f8nter, dobbeltslebet, 60 cm langt med dobbelt forgyldning. Grundmaterialet her er en tombac-legering (messinglegering). Panserk\u00e6den er et af standardk\u00e6dem\u00f8nstrene og passer godt sammen med gulddoublevedh\u00e6ng, men ogs\u00e5 med \u00e6gte guldvedh\u00e6ng. Den meget gode forgyldning garanterer lang holdbarhed og gl\u00e6de med denne k\u00e6de. Dimension: 1,6 mm Legering: 3-4 mikron [&hellip;]<\/p>\n","protected":false},"featured_media":0,"comment_status":"closed","ping_status":"closed","template":"","meta":{"_acf_changed":false,"_et_pb_use_builder":"","_et_pb_old_content":"","_et_gb_content_width":""},"product_brand":[],"product_cat":[6322,6295],"product_tag":[],"class_list":{"0":"post-44141","1":"product","2":"type-product","3":"status-publish","5":"product_cat-gallay-smuckzone","6":"product_cat-halskaeder","8":"first","9":"instock","10":"taxable","11":"shipping-taxable","12":"purchasable","13":"product-type-simple"},"acf":[],"_links":{"self":[{"href":"https:\/\/gavermedmening.dk\/index.php?rest_route=\/wp\/v2\/product\/44141","targetHints":{"allow":["GET"]}}],"collection":[{"href":"https:\/\/gavermedmening.dk\/index.php?rest_route=\/wp\/v2\/product"}],"about":[{"href":"https:\/\/gavermedmening.dk\/index.php?rest_route=\/wp\/v2\/types\/product"}],"replies":[{"embeddable":true,"href":"https:\/\/gavermedmening.dk\/index.php?rest_route=%2Fwp%2Fv2%2Fcomments&post=44141"}],"wp:attachment":[{"href":"https:\/\/gavermedmening.dk\/index.php?rest_route=%2Fwp%2Fv2%2Fmedia&parent=44141"}],"wp:term":[{"taxonomy":"product_brand","embeddable":true,"href":"https:\/\/gavermedmening.dk\/index.php?rest_route=%2Fwp%2Fv2%2Fproduct_brand&post=44141"},{"taxonomy":"product_cat","embeddable":true,"href":"https:\/\/gavermedmening.dk\/index.php?rest_route=%2Fwp%2Fv2%2Fproduct_cat&post=44141"},{"taxonomy":"product_tag","embeddable":true,"href":"https:\/\/gavermedmening.dk\/index.php?rest_route=%2Fwp%2Fv2%2Fproduct_tag&post=44141"}],"curies":[{"name":"wp","href":"https:\/\/api.w.org\/{rel}","templated":true}]}}