{"id":44754,"date":"2024-06-23T21:56:07","date_gmt":"2024-06-23T21:56:07","guid":{"rendered":"https:\/\/gavermedmening.dk\/vare\/soelvkaede-og-soelvvedhaeng-med-rav-fisk\/"},"modified":"2024-10-27T21:46:51","modified_gmt":"2024-10-27T21:46:51","slug":"soelvkaede-og-soelvvedhaeng-med-rav-fisk","status":"publish","type":"product","link":"https:\/\/gavermedmening.dk\/?product=soelvkaede-og-soelvvedhaeng-med-rav-fisk","title":{"rendered":"S\u00f8lvk\u00e6de og s\u00f8lvvedh\u00e6ng med rav  &#8211; fisk"},"content":{"rendered":"<p><strong>Beskrivelse:<\/strong><br \/>Leveres i sort gaveetui<\/p>\n<p>K\u00e6de er 42 cm<\/p>\n","protected":false},"excerpt":{"rendered":"<p>Beskrivelse:Leveres i sort gaveetui K\u00e6de er 42 cm<\/p>\n","protected":false},"featured_media":44755,"comment_status":"closed","ping_status":"closed","template":"","meta":{"_acf_changed":false,"_et_pb_use_builder":"","_et_pb_old_content":"","_et_gb_content_width":""},"product_brand":[],"product_cat":[6295,6239],"product_tag":[],"class_list":{"0":"post-44754","1":"product","2":"type-product","3":"status-publish","4":"has-post-thumbnail","6":"product_cat-halskaeder","7":"product_cat-kertegaarden","9":"first","10":"instock","11":"taxable","12":"shipping-taxable","13":"purchasable","14":"product-type-simple"},"acf":[],"_links":{"self":[{"href":"https:\/\/gavermedmening.dk\/index.php?rest_route=\/wp\/v2\/product\/44754","targetHints":{"allow":["GET"]}}],"collection":[{"href":"https:\/\/gavermedmening.dk\/index.php?rest_route=\/wp\/v2\/product"}],"about":[{"href":"https:\/\/gavermedmening.dk\/index.php?rest_route=\/wp\/v2\/types\/product"}],"replies":[{"embeddable":true,"href":"https:\/\/gavermedmening.dk\/index.php?rest_route=%2Fwp%2Fv2%2Fcomments&post=44754"}],"wp:featuredmedia":[{"embeddable":true,"href":"https:\/\/gavermedmening.dk\/index.php?rest_route=\/wp\/v2\/media\/44755"}],"wp:attachment":[{"href":"https:\/\/gavermedmening.dk\/index.php?rest_route=%2Fwp%2Fv2%2Fmedia&parent=44754"}],"wp:term":[{"taxonomy":"product_brand","embeddable":true,"href":"https:\/\/gavermedmening.dk\/index.php?rest_route=%2Fwp%2Fv2%2Fproduct_brand&post=44754"},{"taxonomy":"product_cat","embeddable":true,"href":"https:\/\/gavermedmening.dk\/index.php?rest_route=%2Fwp%2Fv2%2Fproduct_cat&post=44754"},{"taxonomy":"product_tag","embeddable":true,"href":"https:\/\/gavermedmening.dk\/index.php?rest_route=%2Fwp%2Fv2%2Fproduct_tag&post=44754"}],"curies":[{"name":"wp","href":"https:\/\/api.w.org\/{rel}","templated":true}]}}