{"id":44761,"date":"2024-06-23T21:53:14","date_gmt":"2024-06-23T21:53:14","guid":{"rendered":"https:\/\/gavermedmening.dk\/vare\/kors-vedhaeng-rhodineret-soelv-23-mm\/"},"modified":"2024-10-27T21:47:05","modified_gmt":"2024-10-27T21:47:05","slug":"kors-vedhaeng-rhodineret-soelv-23-mm","status":"publish","type":"product","link":"https:\/\/gavermedmening.dk\/?product=kors-vedhaeng-rhodineret-soelv-23-mm","title":{"rendered":"Kors &#8211; vedh\u00e6ng &#8211; rhodineret s\u00f8lv &#8211; 23 mm"},"content":{"rendered":"<p><strong>Beskrivelse:<\/strong><\/p>\n<p>H\u00f8jde p\u00e5 vedh\u00e6ng: 23 mm<\/p>\n","protected":false},"excerpt":{"rendered":"<p>Beskrivelse: H\u00f8jde p\u00e5 vedh\u00e6ng: 23 mm<\/p>\n","protected":false},"featured_media":44762,"comment_status":"closed","ping_status":"closed","template":"","meta":{"_acf_changed":false,"_et_pb_use_builder":"","_et_pb_old_content":"","_et_gb_content_width":""},"product_brand":[],"product_cat":[6295,6309],"product_tag":[6325],"class_list":{"0":"post-44761","1":"product","2":"type-product","3":"status-publish","4":"has-post-thumbnail","6":"product_cat-halskaeder","7":"product_cat-noa","8":"product_tag-siersboel","10":"first","11":"instock","12":"taxable","13":"shipping-taxable","14":"purchasable","15":"product-type-simple"},"acf":[],"_links":{"self":[{"href":"https:\/\/gavermedmening.dk\/index.php?rest_route=\/wp\/v2\/product\/44761","targetHints":{"allow":["GET"]}}],"collection":[{"href":"https:\/\/gavermedmening.dk\/index.php?rest_route=\/wp\/v2\/product"}],"about":[{"href":"https:\/\/gavermedmening.dk\/index.php?rest_route=\/wp\/v2\/types\/product"}],"replies":[{"embeddable":true,"href":"https:\/\/gavermedmening.dk\/index.php?rest_route=%2Fwp%2Fv2%2Fcomments&post=44761"}],"wp:featuredmedia":[{"embeddable":true,"href":"https:\/\/gavermedmening.dk\/index.php?rest_route=\/wp\/v2\/media\/44762"}],"wp:attachment":[{"href":"https:\/\/gavermedmening.dk\/index.php?rest_route=%2Fwp%2Fv2%2Fmedia&parent=44761"}],"wp:term":[{"taxonomy":"product_brand","embeddable":true,"href":"https:\/\/gavermedmening.dk\/index.php?rest_route=%2Fwp%2Fv2%2Fproduct_brand&post=44761"},{"taxonomy":"product_cat","embeddable":true,"href":"https:\/\/gavermedmening.dk\/index.php?rest_route=%2Fwp%2Fv2%2Fproduct_cat&post=44761"},{"taxonomy":"product_tag","embeddable":true,"href":"https:\/\/gavermedmening.dk\/index.php?rest_route=%2Fwp%2Fv2%2Fproduct_tag&post=44761"}],"curies":[{"name":"wp","href":"https:\/\/api.w.org\/{rel}","templated":true}]}}