{"id":44769,"date":"2024-06-23T21:53:14","date_gmt":"2024-06-23T21:53:14","guid":{"rendered":"https:\/\/gavermedmening.dk\/vare\/cracked-cross-necklace-rhd-silver\/"},"modified":"2024-10-27T21:47:21","modified_gmt":"2024-10-27T21:47:21","slug":"cracked-cross-necklace-rhd-silver","status":"publish","type":"product","link":"https:\/\/gavermedmening.dk\/?product=cracked-cross-necklace-rhd-silver","title":{"rendered":"Cracked cross necklace &#8211; rhd. silver"},"content":{"rendered":"<p><strong>Beskrivelse:<\/strong><\/p>\n<p>H\u00f8jde p\u00e5 vedh\u00e6ng: 29 mm<\/p>\n<p>K\u00e6del\u00e6ngde:\u00a060 cm<\/p>\n","protected":false},"excerpt":{"rendered":"<p>Beskrivelse: H\u00f8jde p\u00e5 vedh\u00e6ng: 29 mm K\u00e6del\u00e6ngde:\u00a060 cm<\/p>\n","protected":false},"featured_media":44770,"comment_status":"closed","ping_status":"closed","template":"","meta":{"_acf_changed":false,"_et_pb_use_builder":"","_et_pb_old_content":"","_et_gb_content_width":""},"product_brand":[],"product_cat":[6295,6309],"product_tag":[6327],"class_list":{"0":"post-44769","1":"product","2":"type-product","3":"status-publish","4":"has-post-thumbnail","6":"product_cat-halskaeder","7":"product_cat-noa","8":"product_tag-son-of-noa","10":"first","11":"instock","12":"taxable","13":"shipping-taxable","14":"purchasable","15":"product-type-simple"},"acf":[],"_links":{"self":[{"href":"https:\/\/gavermedmening.dk\/index.php?rest_route=\/wp\/v2\/product\/44769","targetHints":{"allow":["GET"]}}],"collection":[{"href":"https:\/\/gavermedmening.dk\/index.php?rest_route=\/wp\/v2\/product"}],"about":[{"href":"https:\/\/gavermedmening.dk\/index.php?rest_route=\/wp\/v2\/types\/product"}],"replies":[{"embeddable":true,"href":"https:\/\/gavermedmening.dk\/index.php?rest_route=%2Fwp%2Fv2%2Fcomments&post=44769"}],"wp:featuredmedia":[{"embeddable":true,"href":"https:\/\/gavermedmening.dk\/index.php?rest_route=\/wp\/v2\/media\/44770"}],"wp:attachment":[{"href":"https:\/\/gavermedmening.dk\/index.php?rest_route=%2Fwp%2Fv2%2Fmedia&parent=44769"}],"wp:term":[{"taxonomy":"product_brand","embeddable":true,"href":"https:\/\/gavermedmening.dk\/index.php?rest_route=%2Fwp%2Fv2%2Fproduct_brand&post=44769"},{"taxonomy":"product_cat","embeddable":true,"href":"https:\/\/gavermedmening.dk\/index.php?rest_route=%2Fwp%2Fv2%2Fproduct_cat&post=44769"},{"taxonomy":"product_tag","embeddable":true,"href":"https:\/\/gavermedmening.dk\/index.php?rest_route=%2Fwp%2Fv2%2Fproduct_tag&post=44769"}],"curies":[{"name":"wp","href":"https:\/\/api.w.org\/{rel}","templated":true}]}}