{"id":45290,"date":"2024-06-23T13:37:01","date_gmt":"2024-06-23T13:37:01","guid":{"rendered":"https:\/\/gavermedmening.dk\/vare\/soelvkaede-og-soelvedhaeng-med-rav-hjerte\/"},"modified":"2024-10-28T19:55:28","modified_gmt":"2024-10-28T19:55:28","slug":"soelvkaede-og-soelvedhaeng-med-rav-hjerte","status":"publish","type":"product","link":"https:\/\/gavermedmening.dk\/?product=soelvkaede-og-soelvedhaeng-med-rav-hjerte","title":{"rendered":"S\u00f8lvk\u00e6de og s\u00f8lvedh\u00e6ng med rav &#8211;  hjerte"},"content":{"rendered":"<p><strong>Beskrivelse:<\/strong><br \/>Leveres\u00a0i sort gaveetui<\/p>\n","protected":false},"excerpt":{"rendered":"<p>Beskrivelse:Leveres\u00a0i sort gaveetui<\/p>\n","protected":false},"featured_media":45291,"comment_status":"closed","ping_status":"closed","template":"","meta":{"_acf_changed":false,"_et_pb_use_builder":"","_et_pb_old_content":"","_et_gb_content_width":""},"product_brand":[],"product_cat":[6295,6239],"product_tag":[],"class_list":{"0":"post-45290","1":"product","2":"type-product","3":"status-publish","4":"has-post-thumbnail","6":"product_cat-halskaeder","7":"product_cat-kertegaarden","9":"first","10":"instock","11":"taxable","12":"shipping-taxable","13":"purchasable","14":"product-type-simple"},"acf":[],"_links":{"self":[{"href":"https:\/\/gavermedmening.dk\/index.php?rest_route=\/wp\/v2\/product\/45290","targetHints":{"allow":["GET"]}}],"collection":[{"href":"https:\/\/gavermedmening.dk\/index.php?rest_route=\/wp\/v2\/product"}],"about":[{"href":"https:\/\/gavermedmening.dk\/index.php?rest_route=\/wp\/v2\/types\/product"}],"replies":[{"embeddable":true,"href":"https:\/\/gavermedmening.dk\/index.php?rest_route=%2Fwp%2Fv2%2Fcomments&post=45290"}],"wp:featuredmedia":[{"embeddable":true,"href":"https:\/\/gavermedmening.dk\/index.php?rest_route=\/wp\/v2\/media\/45291"}],"wp:attachment":[{"href":"https:\/\/gavermedmening.dk\/index.php?rest_route=%2Fwp%2Fv2%2Fmedia&parent=45290"}],"wp:term":[{"taxonomy":"product_brand","embeddable":true,"href":"https:\/\/gavermedmening.dk\/index.php?rest_route=%2Fwp%2Fv2%2Fproduct_brand&post=45290"},{"taxonomy":"product_cat","embeddable":true,"href":"https:\/\/gavermedmening.dk\/index.php?rest_route=%2Fwp%2Fv2%2Fproduct_cat&post=45290"},{"taxonomy":"product_tag","embeddable":true,"href":"https:\/\/gavermedmening.dk\/index.php?rest_route=%2Fwp%2Fv2%2Fproduct_tag&post=45290"}],"curies":[{"name":"wp","href":"https:\/\/api.w.org\/{rel}","templated":true}]}}