{"id":45310,"date":"2024-06-23T13:34:00","date_gmt":"2024-06-23T13:34:00","guid":{"rendered":"https:\/\/gavermedmening.dk\/vare\/stainless-steel-cross-pendant-necklace-silver\/"},"modified":"2024-10-28T19:56:08","modified_gmt":"2024-10-28T19:56:08","slug":"stainless-steel-cross-pendant-necklace-silver","status":"publish","type":"product","link":"https:\/\/gavermedmening.dk\/?product=stainless-steel-cross-pendant-necklace-silver","title":{"rendered":"Stainless Steel Cross Pendant Necklace (silver)"},"content":{"rendered":"<p><strong>Forlagets omtale:\u00a0<\/strong><br \/>Smukt og unikt design med fin finish. Kan bruges af b\u00e5de damer og herrer og er b\u00e5de elegant og casual.<\/p>\n<p>K\u00e6de i rustfrit st\u00e5l (50 cm) medf\u00f8lger.<\/p>\n<p>Rustfrit st\u00e5l oxiderer ikke og slides n\u00e6rmest ikke og holder derfor l\u00e6ngere end andre smykker. Derudover kr\u00e6ver det ikke meget vedligeholdelse og forbliver smukt i lang tid.<br \/>Derudover er det ganske allergivenligt.<\/p>\n<p><span style=\"color: #ffffff;\">Konov<\/span><\/p>\n","protected":false},"excerpt":{"rendered":"<p>Forlagets omtale:\u00a0Smukt og unikt design med fin finish. Kan bruges af b\u00e5de damer og herrer og er b\u00e5de elegant og casual. K\u00e6de i rustfrit st\u00e5l (50 cm) medf\u00f8lger. Rustfrit st\u00e5l oxiderer ikke og slides n\u00e6rmest ikke og holder derfor l\u00e6ngere end andre smykker. Derudover kr\u00e6ver det ikke meget vedligeholdelse og forbliver smukt i lang tid.Derudover [&hellip;]<\/p>\n","protected":false},"featured_media":0,"comment_status":"closed","ping_status":"closed","template":"","meta":{"_acf_changed":false,"_et_pb_use_builder":"","_et_pb_old_content":"","_et_gb_content_width":""},"product_brand":[],"product_cat":[6328,6295],"product_tag":[6329],"class_list":{"0":"post-45310","1":"product","2":"type-product","3":"status-publish","5":"product_cat-es-jewels","6":"product_cat-halskaeder","7":"product_tag-konov","9":"first","10":"instock","11":"taxable","12":"shipping-taxable","13":"purchasable","14":"product-type-simple"},"acf":[],"_links":{"self":[{"href":"https:\/\/gavermedmening.dk\/index.php?rest_route=\/wp\/v2\/product\/45310","targetHints":{"allow":["GET"]}}],"collection":[{"href":"https:\/\/gavermedmening.dk\/index.php?rest_route=\/wp\/v2\/product"}],"about":[{"href":"https:\/\/gavermedmening.dk\/index.php?rest_route=\/wp\/v2\/types\/product"}],"replies":[{"embeddable":true,"href":"https:\/\/gavermedmening.dk\/index.php?rest_route=%2Fwp%2Fv2%2Fcomments&post=45310"}],"wp:attachment":[{"href":"https:\/\/gavermedmening.dk\/index.php?rest_route=%2Fwp%2Fv2%2Fmedia&parent=45310"}],"wp:term":[{"taxonomy":"product_brand","embeddable":true,"href":"https:\/\/gavermedmening.dk\/index.php?rest_route=%2Fwp%2Fv2%2Fproduct_brand&post=45310"},{"taxonomy":"product_cat","embeddable":true,"href":"https:\/\/gavermedmening.dk\/index.php?rest_route=%2Fwp%2Fv2%2Fproduct_cat&post=45310"},{"taxonomy":"product_tag","embeddable":true,"href":"https:\/\/gavermedmening.dk\/index.php?rest_route=%2Fwp%2Fv2%2Fproduct_tag&post=45310"}],"curies":[{"name":"wp","href":"https:\/\/api.w.org\/{rel}","templated":true}]}}