{"id":45311,"date":"2024-06-23T13:34:00","date_gmt":"2024-06-23T13:34:00","guid":{"rendered":"https:\/\/gavermedmening.dk\/vare\/halskaede-soelvfarvet-kors-i-oliventrae\/"},"modified":"2024-10-28T19:56:12","modified_gmt":"2024-10-28T19:56:12","slug":"halskaede-soelvfarvet-kors-i-oliventrae","status":"publish","type":"product","link":"https:\/\/gavermedmening.dk\/?product=halskaede-soelvfarvet-kors-i-oliventrae","title":{"rendered":"Halsk\u00e6de &#8211; s\u00f8lvfarvet kors i oliventr\u00e6"},"content":{"rendered":"<p><strong>Beskrivelse<\/strong>:<\/p>\n<p>S\u00f8lvfarvet kors i oliventr\u00e6.<\/p>\n<p>4 cm, 70 cm lang bomuldssnor.<\/p>\n<p><span style=\"color: #ffffff;\">Halsk\u00e6de &#8211; s\u00f8lvfarvet kors i oliventr\u00e6<\/span><\/p>\n","protected":false},"excerpt":{"rendered":"<p>Beskrivelse: S\u00f8lvfarvet kors i oliventr\u00e6. 4 cm, 70 cm lang bomuldssnor. Halsk\u00e6de &#8211; s\u00f8lvfarvet kors i oliventr\u00e6<\/p>\n","protected":false},"featured_media":45312,"comment_status":"closed","ping_status":"closed","template":"","meta":{"_acf_changed":false,"_et_pb_use_builder":"","_et_pb_old_content":"","_et_gb_content_width":""},"product_brand":[],"product_cat":[6295,6266],"product_tag":[6191],"class_list":{"0":"post-45311","1":"product","2":"type-product","3":"status-publish","4":"has-post-thumbnail","6":"product_cat-halskaeder","7":"product_cat-lohses-forlag","8":"product_tag-bodystocking","10":"first","11":"instock","12":"taxable","13":"shipping-taxable","14":"purchasable","15":"product-type-simple"},"acf":[],"_links":{"self":[{"href":"https:\/\/gavermedmening.dk\/index.php?rest_route=\/wp\/v2\/product\/45311","targetHints":{"allow":["GET"]}}],"collection":[{"href":"https:\/\/gavermedmening.dk\/index.php?rest_route=\/wp\/v2\/product"}],"about":[{"href":"https:\/\/gavermedmening.dk\/index.php?rest_route=\/wp\/v2\/types\/product"}],"replies":[{"embeddable":true,"href":"https:\/\/gavermedmening.dk\/index.php?rest_route=%2Fwp%2Fv2%2Fcomments&post=45311"}],"wp:featuredmedia":[{"embeddable":true,"href":"https:\/\/gavermedmening.dk\/index.php?rest_route=\/wp\/v2\/media\/45312"}],"wp:attachment":[{"href":"https:\/\/gavermedmening.dk\/index.php?rest_route=%2Fwp%2Fv2%2Fmedia&parent=45311"}],"wp:term":[{"taxonomy":"product_brand","embeddable":true,"href":"https:\/\/gavermedmening.dk\/index.php?rest_route=%2Fwp%2Fv2%2Fproduct_brand&post=45311"},{"taxonomy":"product_cat","embeddable":true,"href":"https:\/\/gavermedmening.dk\/index.php?rest_route=%2Fwp%2Fv2%2Fproduct_cat&post=45311"},{"taxonomy":"product_tag","embeddable":true,"href":"https:\/\/gavermedmening.dk\/index.php?rest_route=%2Fwp%2Fv2%2Fproduct_tag&post=45311"}],"curies":[{"name":"wp","href":"https:\/\/api.w.org\/{rel}","templated":true}]}}