{"id":45320,"date":"2024-06-23T13:31:27","date_gmt":"2024-06-23T13:31:27","guid":{"rendered":"https:\/\/gavermedmening.dk\/vare\/oliventraekors-med-udskaering-og-halskaede-i-laeder\/"},"modified":"2024-10-28T19:56:40","modified_gmt":"2024-10-28T19:56:40","slug":"oliventraekors-med-udskaering-og-halskaede-i-laeder","status":"publish","type":"product","link":"https:\/\/gavermedmening.dk\/?product=oliventraekors-med-udskaering-og-halskaede-i-laeder","title":{"rendered":"Oliventr\u00e6kors med udsk\u00e6ring og halsk\u00e6de i l\u00e6der"},"content":{"rendered":"<p><strong>Forlagets omtale:\u00a0<\/strong><br \/>Brun l\u00e6dersnor med udsk\u00e5ret kors i oliventr\u00e6. <\/p>\n","protected":false},"excerpt":{"rendered":"<p>Forlagets omtale:\u00a0Brun l\u00e6dersnor med udsk\u00e5ret kors i oliventr\u00e6.<\/p>\n","protected":false},"featured_media":45321,"comment_status":"closed","ping_status":"closed","template":"","meta":{"_acf_changed":false,"_et_pb_use_builder":"","_et_pb_old_content":"","_et_gb_content_width":""},"product_brand":[],"product_cat":[6295,6266],"product_tag":[],"class_list":{"0":"post-45320","1":"product","2":"type-product","3":"status-publish","4":"has-post-thumbnail","6":"product_cat-halskaeder","7":"product_cat-lohses-forlag","9":"first","10":"instock","11":"taxable","12":"shipping-taxable","13":"purchasable","14":"product-type-simple"},"acf":[],"_links":{"self":[{"href":"https:\/\/gavermedmening.dk\/index.php?rest_route=\/wp\/v2\/product\/45320","targetHints":{"allow":["GET"]}}],"collection":[{"href":"https:\/\/gavermedmening.dk\/index.php?rest_route=\/wp\/v2\/product"}],"about":[{"href":"https:\/\/gavermedmening.dk\/index.php?rest_route=\/wp\/v2\/types\/product"}],"replies":[{"embeddable":true,"href":"https:\/\/gavermedmening.dk\/index.php?rest_route=%2Fwp%2Fv2%2Fcomments&post=45320"}],"wp:featuredmedia":[{"embeddable":true,"href":"https:\/\/gavermedmening.dk\/index.php?rest_route=\/wp\/v2\/media\/45321"}],"wp:attachment":[{"href":"https:\/\/gavermedmening.dk\/index.php?rest_route=%2Fwp%2Fv2%2Fmedia&parent=45320"}],"wp:term":[{"taxonomy":"product_brand","embeddable":true,"href":"https:\/\/gavermedmening.dk\/index.php?rest_route=%2Fwp%2Fv2%2Fproduct_brand&post=45320"},{"taxonomy":"product_cat","embeddable":true,"href":"https:\/\/gavermedmening.dk\/index.php?rest_route=%2Fwp%2Fv2%2Fproduct_cat&post=45320"},{"taxonomy":"product_tag","embeddable":true,"href":"https:\/\/gavermedmening.dk\/index.php?rest_route=%2Fwp%2Fv2%2Fproduct_tag&post=45320"}],"curies":[{"name":"wp","href":"https:\/\/api.w.org\/{rel}","templated":true}]}}