{"id":45322,"date":"2024-06-23T13:31:27","date_gmt":"2024-06-23T13:31:27","guid":{"rendered":"https:\/\/gavermedmening.dk\/vare\/halskaede-traekors\/"},"modified":"2024-10-28T19:56:43","modified_gmt":"2024-10-28T19:56:43","slug":"halskaede-traekors","status":"publish","type":"product","link":"https:\/\/gavermedmening.dk\/?product=halskaede-traekors","title":{"rendered":"Halsk\u00e6de &#8220;Tr\u00e6kors&#8221;"},"content":{"rendered":"<p><b>Forlagets omtale: <\/b><br \/>Oliventr\u00e6kors i l\u00e6dersnor. Korset er 3,5 cm, l\u00e6dersnoren er 38 cm. <\/p>\n<p><span style=\"color: #FFFFFF;\"><\/span><\/p>\n","protected":false},"excerpt":{"rendered":"<p>Forlagets omtale: Oliventr\u00e6kors i l\u00e6dersnor. Korset er 3,5 cm, l\u00e6dersnoren er 38 cm.<\/p>\n","protected":false},"featured_media":45323,"comment_status":"closed","ping_status":"closed","template":"","meta":{"_acf_changed":false,"_et_pb_use_builder":"","_et_pb_old_content":"","_et_gb_content_width":""},"product_brand":[],"product_cat":[6295,6266],"product_tag":[],"class_list":{"0":"post-45322","1":"product","2":"type-product","3":"status-publish","4":"has-post-thumbnail","6":"product_cat-halskaeder","7":"product_cat-lohses-forlag","9":"first","10":"instock","11":"taxable","12":"shipping-taxable","13":"purchasable","14":"product-type-simple"},"acf":[],"_links":{"self":[{"href":"https:\/\/gavermedmening.dk\/index.php?rest_route=\/wp\/v2\/product\/45322","targetHints":{"allow":["GET"]}}],"collection":[{"href":"https:\/\/gavermedmening.dk\/index.php?rest_route=\/wp\/v2\/product"}],"about":[{"href":"https:\/\/gavermedmening.dk\/index.php?rest_route=\/wp\/v2\/types\/product"}],"replies":[{"embeddable":true,"href":"https:\/\/gavermedmening.dk\/index.php?rest_route=%2Fwp%2Fv2%2Fcomments&post=45322"}],"wp:featuredmedia":[{"embeddable":true,"href":"https:\/\/gavermedmening.dk\/index.php?rest_route=\/wp\/v2\/media\/45323"}],"wp:attachment":[{"href":"https:\/\/gavermedmening.dk\/index.php?rest_route=%2Fwp%2Fv2%2Fmedia&parent=45322"}],"wp:term":[{"taxonomy":"product_brand","embeddable":true,"href":"https:\/\/gavermedmening.dk\/index.php?rest_route=%2Fwp%2Fv2%2Fproduct_brand&post=45322"},{"taxonomy":"product_cat","embeddable":true,"href":"https:\/\/gavermedmening.dk\/index.php?rest_route=%2Fwp%2Fv2%2Fproduct_cat&post=45322"},{"taxonomy":"product_tag","embeddable":true,"href":"https:\/\/gavermedmening.dk\/index.php?rest_route=%2Fwp%2Fv2%2Fproduct_tag&post=45322"}],"curies":[{"name":"wp","href":"https:\/\/api.w.org\/{rel}","templated":true}]}}