{"id":45413,"date":"2024-06-25T09:33:44","date_gmt":"2024-06-25T08:33:44","guid":{"rendered":"https:\/\/gavermedmening.dk\/vare\/armbaand-med-perler-og-livstrae\/"},"modified":"2024-10-28T20:17:01","modified_gmt":"2024-10-28T20:17:01","slug":"armbaand-med-perler-og-livstrae","status":"publish","type":"product","link":"https:\/\/gavermedmening.dk\/?product=armbaand-med-perler-og-livstrae","title":{"rendered":"Armb\u00e5nd med perler og livstr\u00e6"},"content":{"rendered":"<p><strong>Beskrivelse:<\/strong><\/p>\n<p>Armb\u00e5ndet er\u00a0lavet af sm\u00e5 perler og kunstf\u00e6rdigt flettet med et beige b\u00e5nd.<\/p>\n<p>Livets tr\u00e6-symbolet pryder midten i guldfarvet metal.<\/p>\n<p>Meget flot armb\u00e5nd.<\/p>\n<ul>\n<li>Justerbar l\u00e6ngde<\/li>\n<li>Materiale: sten\/b\u00e5nd\/metal<\/li>\n<li>Variabel l\u00e6ngde<\/li>\n<li>Pakket i en organzapose<\/li>\n<\/ul>\n","protected":false},"excerpt":{"rendered":"<p>Beskrivelse: Armb\u00e5ndet er\u00a0lavet af sm\u00e5 perler og kunstf\u00e6rdigt flettet med et beige b\u00e5nd. Livets tr\u00e6-symbolet pryder midten i guldfarvet metal. Meget flot armb\u00e5nd. Justerbar l\u00e6ngde Materiale: sten\/b\u00e5nd\/metal Variabel l\u00e6ngde Pakket i en organzapose<\/p>\n","protected":false},"featured_media":45414,"comment_status":"closed","ping_status":"closed","template":"","meta":{"_acf_changed":false,"_et_pb_use_builder":"","_et_pb_old_content":"","_et_gb_content_width":""},"product_brand":[],"product_cat":[6296,6229],"product_tag":[],"class_list":{"0":"post-45413","1":"product","2":"type-product","3":"status-publish","4":"has-post-thumbnail","6":"product_cat-armbaand","7":"product_cat-praisent","9":"first","10":"instock","11":"taxable","12":"shipping-taxable","13":"purchasable","14":"product-type-simple"},"acf":[],"_links":{"self":[{"href":"https:\/\/gavermedmening.dk\/index.php?rest_route=\/wp\/v2\/product\/45413","targetHints":{"allow":["GET"]}}],"collection":[{"href":"https:\/\/gavermedmening.dk\/index.php?rest_route=\/wp\/v2\/product"}],"about":[{"href":"https:\/\/gavermedmening.dk\/index.php?rest_route=\/wp\/v2\/types\/product"}],"replies":[{"embeddable":true,"href":"https:\/\/gavermedmening.dk\/index.php?rest_route=%2Fwp%2Fv2%2Fcomments&post=45413"}],"wp:featuredmedia":[{"embeddable":true,"href":"https:\/\/gavermedmening.dk\/index.php?rest_route=\/wp\/v2\/media\/45414"}],"wp:attachment":[{"href":"https:\/\/gavermedmening.dk\/index.php?rest_route=%2Fwp%2Fv2%2Fmedia&parent=45413"}],"wp:term":[{"taxonomy":"product_brand","embeddable":true,"href":"https:\/\/gavermedmening.dk\/index.php?rest_route=%2Fwp%2Fv2%2Fproduct_brand&post=45413"},{"taxonomy":"product_cat","embeddable":true,"href":"https:\/\/gavermedmening.dk\/index.php?rest_route=%2Fwp%2Fv2%2Fproduct_cat&post=45413"},{"taxonomy":"product_tag","embeddable":true,"href":"https:\/\/gavermedmening.dk\/index.php?rest_route=%2Fwp%2Fv2%2Fproduct_tag&post=45413"}],"curies":[{"name":"wp","href":"https:\/\/api.w.org\/{rel}","templated":true}]}}