{"id":45416,"date":"2024-06-25T09:31:28","date_gmt":"2024-06-25T08:31:28","guid":{"rendered":"https:\/\/gavermedmening.dk\/vare\/soelvarmbaand-med-tro-haab-og-kaerlighed\/"},"modified":"2024-10-28T20:17:11","modified_gmt":"2024-10-28T20:17:11","slug":"soelvarmbaand-med-tro-haab-og-kaerlighed","status":"publish","type":"product","link":"https:\/\/gavermedmening.dk\/?product=soelvarmbaand-med-tro-haab-og-kaerlighed","title":{"rendered":"S\u00f8lvarmb\u00e5nd med tro, h\u00e5b og k\u00e6rlighed"},"content":{"rendered":"<p><strong>Beskrivelse:<\/strong><\/p>\n<p>Armb\u00e5nd lavet af 925 sterling s\u00f8lv.<\/p>\n<p>Med symbolerne for tro, h\u00e5b og k\u00e6rlighed arrangeret i en cirkel: kors, anker, hjerte.<\/p>\n<p>Fin gave til kommunion, konfirmation mv.<\/p>\n<p>Materiale: 925 sterling s\u00f8lv<br \/>St\u00f8rrelse: ca 19 cm d 1,4 cm<br \/>Leveres i smykkeskrin<\/p>\n<p>\u00a0<\/p>\n<p>\u00a0<\/p>\n","protected":false},"excerpt":{"rendered":"<p>Beskrivelse: Armb\u00e5nd lavet af 925 sterling s\u00f8lv. Med symbolerne for tro, h\u00e5b og k\u00e6rlighed arrangeret i en cirkel: kors, anker, hjerte. Fin gave til kommunion, konfirmation mv. Materiale: 925 sterling s\u00f8lvSt\u00f8rrelse: ca 19 cm d 1,4 cmLeveres i smykkeskrin \u00a0 \u00a0<\/p>\n","protected":false},"featured_media":0,"comment_status":"closed","ping_status":"closed","template":"","meta":{"_acf_changed":false,"_et_pb_use_builder":"","_et_pb_old_content":"","_et_gb_content_width":""},"product_brand":[],"product_cat":[6296,6229],"product_tag":[],"class_list":{"0":"post-45416","1":"product","2":"type-product","3":"status-publish","5":"product_cat-armbaand","6":"product_cat-praisent","8":"first","9":"instock","10":"taxable","11":"shipping-taxable","12":"purchasable","13":"product-type-simple"},"acf":[],"_links":{"self":[{"href":"https:\/\/gavermedmening.dk\/index.php?rest_route=\/wp\/v2\/product\/45416","targetHints":{"allow":["GET"]}}],"collection":[{"href":"https:\/\/gavermedmening.dk\/index.php?rest_route=\/wp\/v2\/product"}],"about":[{"href":"https:\/\/gavermedmening.dk\/index.php?rest_route=\/wp\/v2\/types\/product"}],"replies":[{"embeddable":true,"href":"https:\/\/gavermedmening.dk\/index.php?rest_route=%2Fwp%2Fv2%2Fcomments&post=45416"}],"wp:attachment":[{"href":"https:\/\/gavermedmening.dk\/index.php?rest_route=%2Fwp%2Fv2%2Fmedia&parent=45416"}],"wp:term":[{"taxonomy":"product_brand","embeddable":true,"href":"https:\/\/gavermedmening.dk\/index.php?rest_route=%2Fwp%2Fv2%2Fproduct_brand&post=45416"},{"taxonomy":"product_cat","embeddable":true,"href":"https:\/\/gavermedmening.dk\/index.php?rest_route=%2Fwp%2Fv2%2Fproduct_cat&post=45416"},{"taxonomy":"product_tag","embeddable":true,"href":"https:\/\/gavermedmening.dk\/index.php?rest_route=%2Fwp%2Fv2%2Fproduct_tag&post=45416"}],"curies":[{"name":"wp","href":"https:\/\/api.w.org\/{rel}","templated":true}]}}