{"id":45418,"date":"2024-06-25T09:31:28","date_gmt":"2024-06-25T08:31:28","guid":{"rendered":"https:\/\/gavermedmening.dk\/vare\/laederarmbaand-med-kors-faith-love-hope\/"},"modified":"2024-10-28T20:17:20","modified_gmt":"2024-10-28T20:17:20","slug":"laederarmbaand-med-kors-faith-love-hope","status":"publish","type":"product","link":"https:\/\/gavermedmening.dk\/?product=laederarmbaand-med-kors-faith-love-hope","title":{"rendered":"L\u00e6derarmb\u00e5nd med kors &#8211; faith, love, hope"},"content":{"rendered":"<p><strong>Beskrivelse:\u00a0<\/strong><br \/>Flerr\u00e6kket l\u00e6derarmb\u00e5nd med bomuldssnor i m\u00f8rkebl\u00e5, med perler og korsvedh\u00e6ng; passer til alle st\u00f8rrelser.<\/p>\n","protected":false},"excerpt":{"rendered":"<p>Beskrivelse:\u00a0Flerr\u00e6kket l\u00e6derarmb\u00e5nd med bomuldssnor i m\u00f8rkebl\u00e5, med perler og korsvedh\u00e6ng; passer til alle st\u00f8rrelser.<\/p>\n","protected":false},"featured_media":0,"comment_status":"closed","ping_status":"closed","template":"","meta":{"_acf_changed":false,"_et_pb_use_builder":"","_et_pb_old_content":"","_et_gb_content_width":""},"product_brand":[],"product_cat":[6296,6246],"product_tag":[],"class_list":{"0":"post-45418","1":"product","2":"type-product","3":"status-publish","5":"product_cat-armbaand","6":"product_cat-butzon","8":"first","9":"instock","10":"taxable","11":"shipping-taxable","12":"purchasable","13":"product-type-simple"},"acf":[],"_links":{"self":[{"href":"https:\/\/gavermedmening.dk\/index.php?rest_route=\/wp\/v2\/product\/45418","targetHints":{"allow":["GET"]}}],"collection":[{"href":"https:\/\/gavermedmening.dk\/index.php?rest_route=\/wp\/v2\/product"}],"about":[{"href":"https:\/\/gavermedmening.dk\/index.php?rest_route=\/wp\/v2\/types\/product"}],"replies":[{"embeddable":true,"href":"https:\/\/gavermedmening.dk\/index.php?rest_route=%2Fwp%2Fv2%2Fcomments&post=45418"}],"wp:attachment":[{"href":"https:\/\/gavermedmening.dk\/index.php?rest_route=%2Fwp%2Fv2%2Fmedia&parent=45418"}],"wp:term":[{"taxonomy":"product_brand","embeddable":true,"href":"https:\/\/gavermedmening.dk\/index.php?rest_route=%2Fwp%2Fv2%2Fproduct_brand&post=45418"},{"taxonomy":"product_cat","embeddable":true,"href":"https:\/\/gavermedmening.dk\/index.php?rest_route=%2Fwp%2Fv2%2Fproduct_cat&post=45418"},{"taxonomy":"product_tag","embeddable":true,"href":"https:\/\/gavermedmening.dk\/index.php?rest_route=%2Fwp%2Fv2%2Fproduct_tag&post=45418"}],"curies":[{"name":"wp","href":"https:\/\/api.w.org\/{rel}","templated":true}]}}