{"id":45428,"date":"2024-06-25T09:29:30","date_gmt":"2024-06-25T08:29:30","guid":{"rendered":"https:\/\/gavermedmening.dk\/vare\/hjerte-armbaand-guldbelagt-sterling-soelv\/"},"modified":"2024-10-28T20:18:06","modified_gmt":"2024-10-28T20:18:06","slug":"hjerte-armbaand-guldbelagt-sterling-soelv","status":"publish","type":"product","link":"https:\/\/gavermedmening.dk\/?product=hjerte-armbaand-guldbelagt-sterling-soelv","title":{"rendered":"Hjerte &#8211; armb\u00e5nd &#8211; guldbelagt sterling s\u00f8lv"},"content":{"rendered":"<p><strong>Beskrivelse:<\/strong><\/p>\n<p>Et helt enkelt og fint s\u00f8lv armb\u00e5nd med et lille kors og sm\u00e5 faceterede perler p\u00e5 k\u00e6den. Det er smukt alene eller sammen med andre af dine yndlings armb\u00e5nd.\u00a0Til serien findes ogs\u00e5 en halsk\u00e6de samt sm\u00e5 kors \u00f8restikker. Kors-armb\u00e5ndet har en extension k\u00e6de p\u00e5 5 cm, s\u00e5 du kan justere st\u00f8rrelsen p\u00e5 armb\u00e5ndet som du \u00f8nsker det.<\/p>\n<p>Materialer: Sterlings\u00f8lv (925)<\/p>\n<p>M\u00e5l: Vedh\u00e6nget m\u00e5ler 6 x 8 mm &#8211; Armb\u00e5ndet\u00a0er\u00a016 cm langt (+3,5\u00a0cm extension)<\/p>\n","protected":false},"excerpt":{"rendered":"<p>Beskrivelse: Et helt enkelt og fint s\u00f8lv armb\u00e5nd med et lille kors og sm\u00e5 faceterede perler p\u00e5 k\u00e6den. Det er smukt alene eller sammen med andre af dine yndlings armb\u00e5nd.\u00a0Til serien findes ogs\u00e5 en halsk\u00e6de samt sm\u00e5 kors \u00f8restikker. Kors-armb\u00e5ndet har en extension k\u00e6de p\u00e5 5 cm, s\u00e5 du kan justere st\u00f8rrelsen p\u00e5 armb\u00e5ndet som [&hellip;]<\/p>\n","protected":false},"featured_media":0,"comment_status":"closed","ping_status":"closed","template":"","meta":{"_acf_changed":false,"_et_pb_use_builder":"","_et_pb_old_content":"","_et_gb_content_width":""},"product_brand":[],"product_cat":[6296,6304],"product_tag":[6305],"class_list":{"0":"post-45428","1":"product","2":"type-product","3":"status-publish","5":"product_cat-armbaand","6":"product_cat-by-gabay","7":"product_tag-by-gabay","9":"first","10":"instock","11":"taxable","12":"shipping-taxable","13":"purchasable","14":"product-type-simple"},"acf":[],"_links":{"self":[{"href":"https:\/\/gavermedmening.dk\/index.php?rest_route=\/wp\/v2\/product\/45428","targetHints":{"allow":["GET"]}}],"collection":[{"href":"https:\/\/gavermedmening.dk\/index.php?rest_route=\/wp\/v2\/product"}],"about":[{"href":"https:\/\/gavermedmening.dk\/index.php?rest_route=\/wp\/v2\/types\/product"}],"replies":[{"embeddable":true,"href":"https:\/\/gavermedmening.dk\/index.php?rest_route=%2Fwp%2Fv2%2Fcomments&post=45428"}],"wp:attachment":[{"href":"https:\/\/gavermedmening.dk\/index.php?rest_route=%2Fwp%2Fv2%2Fmedia&parent=45428"}],"wp:term":[{"taxonomy":"product_brand","embeddable":true,"href":"https:\/\/gavermedmening.dk\/index.php?rest_route=%2Fwp%2Fv2%2Fproduct_brand&post=45428"},{"taxonomy":"product_cat","embeddable":true,"href":"https:\/\/gavermedmening.dk\/index.php?rest_route=%2Fwp%2Fv2%2Fproduct_cat&post=45428"},{"taxonomy":"product_tag","embeddable":true,"href":"https:\/\/gavermedmening.dk\/index.php?rest_route=%2Fwp%2Fv2%2Fproduct_tag&post=45428"}],"curies":[{"name":"wp","href":"https:\/\/api.w.org\/{rel}","templated":true}]}}