{"id":45760,"date":"2024-06-25T08:52:17","date_gmt":"2024-06-25T07:52:17","guid":{"rendered":"https:\/\/gavermedmening.dk\/vare\/tro-haab-og-kaerlighed-armbaand-rhodineret-soelv\/"},"modified":"2024-10-28T21:21:14","modified_gmt":"2024-10-28T21:21:14","slug":"tro-haab-og-kaerlighed-armbaand-rhodineret-soelv","status":"publish","type":"product","link":"https:\/\/gavermedmening.dk\/?product=tro-haab-og-kaerlighed-armbaand-rhodineret-soelv","title":{"rendered":"Tro, h\u00e5b og k\u00e6rlighed &#8211; armb\u00e5nd &#8211; rhodineret s\u00f8lv"},"content":{"rendered":"<p><strong>Beskrivelse:<\/strong><\/p>\n<p>L\u00e6ngde: 15 + 2 cm<\/p>\n","protected":false},"excerpt":{"rendered":"<p>Beskrivelse: L\u00e6ngde: 15 + 2 cm<\/p>\n","protected":false},"featured_media":45761,"comment_status":"closed","ping_status":"closed","template":"","meta":{"_acf_changed":false,"_et_pb_use_builder":"","_et_pb_old_content":"","_et_gb_content_width":""},"product_brand":[],"product_cat":[6296,6309],"product_tag":[6330],"class_list":{"0":"post-45760","1":"product","2":"type-product","3":"status-publish","4":"has-post-thumbnail","6":"product_cat-armbaand","7":"product_cat-noa","8":"product_tag-noa-kids-jewellery","10":"first","11":"instock","12":"taxable","13":"shipping-taxable","14":"purchasable","15":"product-type-simple"},"acf":[],"_links":{"self":[{"href":"https:\/\/gavermedmening.dk\/index.php?rest_route=\/wp\/v2\/product\/45760","targetHints":{"allow":["GET"]}}],"collection":[{"href":"https:\/\/gavermedmening.dk\/index.php?rest_route=\/wp\/v2\/product"}],"about":[{"href":"https:\/\/gavermedmening.dk\/index.php?rest_route=\/wp\/v2\/types\/product"}],"replies":[{"embeddable":true,"href":"https:\/\/gavermedmening.dk\/index.php?rest_route=%2Fwp%2Fv2%2Fcomments&post=45760"}],"wp:featuredmedia":[{"embeddable":true,"href":"https:\/\/gavermedmening.dk\/index.php?rest_route=\/wp\/v2\/media\/45761"}],"wp:attachment":[{"href":"https:\/\/gavermedmening.dk\/index.php?rest_route=%2Fwp%2Fv2%2Fmedia&parent=45760"}],"wp:term":[{"taxonomy":"product_brand","embeddable":true,"href":"https:\/\/gavermedmening.dk\/index.php?rest_route=%2Fwp%2Fv2%2Fproduct_brand&post=45760"},{"taxonomy":"product_cat","embeddable":true,"href":"https:\/\/gavermedmening.dk\/index.php?rest_route=%2Fwp%2Fv2%2Fproduct_cat&post=45760"},{"taxonomy":"product_tag","embeddable":true,"href":"https:\/\/gavermedmening.dk\/index.php?rest_route=%2Fwp%2Fv2%2Fproduct_tag&post=45760"}],"curies":[{"name":"wp","href":"https:\/\/api.w.org\/{rel}","templated":true}]}}