{"id":45764,"date":"2024-06-25T08:52:17","date_gmt":"2024-06-25T07:52:17","guid":{"rendered":"https:\/\/gavermedmening.dk\/vare\/hjertearmbaand-sort-rhodineret-soelv\/"},"modified":"2024-10-28T21:21:26","modified_gmt":"2024-10-28T21:21:26","slug":"hjertearmbaand-sort-rhodineret-soelv","status":"publish","type":"product","link":"https:\/\/gavermedmening.dk\/?product=hjertearmbaand-sort-rhodineret-soelv","title":{"rendered":"Hjertearmb\u00e5nd &#8211; sort-rhodineret s\u00f8lv"},"content":{"rendered":"<p><strong>Beskrivelse:<\/strong><\/p>\n<p>Et hjertearmb\u00e5nd er en evigt tilbagevendende klassiker. Dette bed\u00e5rende sort-rhodinerede s\u00f8lvarmb\u00e5nd, fra vores Alma serie, er prydet med fine hvide zirkonia sten, der giver, det ellers diskrete smykke, en str\u00e5lende glans. Armb\u00e5ndet kan justeres mellem l\u00e6ngderne. Smykkets enkelte, men henrivende, design g\u00f8r det perfekt ogs\u00e5 til hverdagsbrug.<\/p>\n<p>L\u00e6ngde:\u00a017+3cm<\/p>\n<p>Sten:\u00a0Kubisk zirkonia<\/p>\n<p>Serie: AlmaNor<\/p>\n","protected":false},"excerpt":{"rendered":"<p>Beskrivelse: Et hjertearmb\u00e5nd er en evigt tilbagevendende klassiker. Dette bed\u00e5rende sort-rhodinerede s\u00f8lvarmb\u00e5nd, fra vores Alma serie, er prydet med fine hvide zirkonia sten, der giver, det ellers diskrete smykke, en str\u00e5lende glans. Armb\u00e5ndet kan justeres mellem l\u00e6ngderne. Smykkets enkelte, men henrivende, design g\u00f8r det perfekt ogs\u00e5 til hverdagsbrug. L\u00e6ngde:\u00a017+3cm Sten:\u00a0Kubisk zirkonia Serie: AlmaNor<\/p>\n","protected":false},"featured_media":0,"comment_status":"closed","ping_status":"closed","template":"","meta":{"_acf_changed":false,"_et_pb_use_builder":"","_et_pb_old_content":"","_et_gb_content_width":""},"product_brand":[],"product_cat":[6296,6309],"product_tag":[6310],"class_list":{"0":"post-45764","1":"product","2":"type-product","3":"status-publish","5":"product_cat-armbaand","6":"product_cat-noa","7":"product_tag-joanli-nor","9":"first","10":"instock","11":"taxable","12":"shipping-taxable","13":"purchasable","14":"product-type-simple"},"acf":[],"_links":{"self":[{"href":"https:\/\/gavermedmening.dk\/index.php?rest_route=\/wp\/v2\/product\/45764","targetHints":{"allow":["GET"]}}],"collection":[{"href":"https:\/\/gavermedmening.dk\/index.php?rest_route=\/wp\/v2\/product"}],"about":[{"href":"https:\/\/gavermedmening.dk\/index.php?rest_route=\/wp\/v2\/types\/product"}],"replies":[{"embeddable":true,"href":"https:\/\/gavermedmening.dk\/index.php?rest_route=%2Fwp%2Fv2%2Fcomments&post=45764"}],"wp:attachment":[{"href":"https:\/\/gavermedmening.dk\/index.php?rest_route=%2Fwp%2Fv2%2Fmedia&parent=45764"}],"wp:term":[{"taxonomy":"product_brand","embeddable":true,"href":"https:\/\/gavermedmening.dk\/index.php?rest_route=%2Fwp%2Fv2%2Fproduct_brand&post=45764"},{"taxonomy":"product_cat","embeddable":true,"href":"https:\/\/gavermedmening.dk\/index.php?rest_route=%2Fwp%2Fv2%2Fproduct_cat&post=45764"},{"taxonomy":"product_tag","embeddable":true,"href":"https:\/\/gavermedmening.dk\/index.php?rest_route=%2Fwp%2Fv2%2Fproduct_tag&post=45764"}],"curies":[{"name":"wp","href":"https:\/\/api.w.org\/{rel}","templated":true}]}}