{"id":46153,"date":"2024-06-25T07:51:14","date_gmt":"2024-06-25T06:51:14","guid":{"rendered":"https:\/\/gavermedmening.dk\/vare\/kristuskransen-med-groen-perle-samlet\/"},"modified":"2024-10-29T11:45:03","modified_gmt":"2024-10-29T11:45:03","slug":"kristuskransen-med-groen-perle-samlet","status":"publish","type":"product","link":"https:\/\/gavermedmening.dk\/?product=kristuskransen-med-groen-perle-samlet","title":{"rendered":"Kristuskransen, med gr\u00f8n perle (samlet)"},"content":{"rendered":"<p><strong>Forlagets omtale:<\/strong><\/p>\n<p>Kristuskransen\u00ae er et armb\u00e5nd skabt af biskop emeritus Martin L\u00f6nnebo. Armb\u00e5ndet er lavet af glasperler og best\u00e5r af 18 perler.\u00a0<\/p>\n<p>Hver perle skal minde om at livet h\u00f8rer t\u00e6t sammen med Gud. Armb\u00e5ndet kan du ha&#8217; med dig uanset hvor du er og bruge det n\u00e5r du har lyst til b\u00f8n og meditation.<\/p>\n<p>I 2015 fik en af Hemmelighedsperlerne i\u00a0<em>Kristuskransen<\/em>\u00a0en gr\u00f8n nuance. Den skal minde os om diakoni og medmenneskelighed, om naturen og milj\u00f8.<\/p>\n","protected":false},"excerpt":{"rendered":"<p>Forlagets omtale: Kristuskransen\u00ae er et armb\u00e5nd skabt af biskop emeritus Martin L\u00f6nnebo. Armb\u00e5ndet er lavet af glasperler og best\u00e5r af 18 perler.\u00a0 Hver perle skal minde om at livet h\u00f8rer t\u00e6t sammen med Gud. Armb\u00e5ndet kan du ha&#8217; med dig uanset hvor du er og bruge det n\u00e5r du har lyst til b\u00f8n og meditation. [&hellip;]<\/p>\n","protected":false},"featured_media":0,"comment_status":"closed","ping_status":"closed","template":"","meta":{"_acf_changed":false,"_et_pb_use_builder":"","_et_pb_old_content":"","_et_gb_content_width":""},"product_brand":[],"product_cat":[6296],"product_tag":[],"class_list":{"0":"post-46153","1":"product","2":"type-product","3":"status-publish","5":"product_cat-armbaand","7":"first","8":"instock","9":"taxable","10":"shipping-taxable","11":"purchasable","12":"product-type-simple"},"acf":[],"_links":{"self":[{"href":"https:\/\/gavermedmening.dk\/index.php?rest_route=\/wp\/v2\/product\/46153","targetHints":{"allow":["GET"]}}],"collection":[{"href":"https:\/\/gavermedmening.dk\/index.php?rest_route=\/wp\/v2\/product"}],"about":[{"href":"https:\/\/gavermedmening.dk\/index.php?rest_route=\/wp\/v2\/types\/product"}],"replies":[{"embeddable":true,"href":"https:\/\/gavermedmening.dk\/index.php?rest_route=%2Fwp%2Fv2%2Fcomments&post=46153"}],"wp:attachment":[{"href":"https:\/\/gavermedmening.dk\/index.php?rest_route=%2Fwp%2Fv2%2Fmedia&parent=46153"}],"wp:term":[{"taxonomy":"product_brand","embeddable":true,"href":"https:\/\/gavermedmening.dk\/index.php?rest_route=%2Fwp%2Fv2%2Fproduct_brand&post=46153"},{"taxonomy":"product_cat","embeddable":true,"href":"https:\/\/gavermedmening.dk\/index.php?rest_route=%2Fwp%2Fv2%2Fproduct_cat&post=46153"},{"taxonomy":"product_tag","embeddable":true,"href":"https:\/\/gavermedmening.dk\/index.php?rest_route=%2Fwp%2Fv2%2Fproduct_tag&post=46153"}],"curies":[{"name":"wp","href":"https:\/\/api.w.org\/{rel}","templated":true}]}}