{"id":46164,"date":"2024-06-25T06:49:43","date_gmt":"2024-06-25T06:49:43","guid":{"rendered":"https:\/\/gavermedmening.dk\/vare\/laederarmbaand-med-perler-og-soelvkors\/"},"modified":"2024-10-29T11:52:58","modified_gmt":"2024-10-29T11:52:58","slug":"laederarmbaand-med-perler-og-soelvkors","status":"publish","type":"product","link":"https:\/\/gavermedmening.dk\/?product=laederarmbaand-med-perler-og-soelvkors","title":{"rendered":"L\u00e6derarmb\u00e5nd med perler og s\u00f8lvkors"},"content":{"rendered":"<p><strong>Forlagets omtale:\u00a0<\/strong><br \/>Multiarmb\u00e5nd med \u00e6gte l\u00e6der- og bomuldssnore med glas- og tr\u00e6perler samt et kors i s\u00f8lv. St\u00f8rrelsen kan justeres. Armb\u00e5ndet leveres i en smykkepose. <\/p>\n","protected":false},"excerpt":{"rendered":"<p>Forlagets omtale:\u00a0Multiarmb\u00e5nd med \u00e6gte l\u00e6der- og bomuldssnore med glas- og tr\u00e6perler samt et kors i s\u00f8lv. St\u00f8rrelsen kan justeres. Armb\u00e5ndet leveres i en smykkepose.<\/p>\n","protected":false},"featured_media":46165,"comment_status":"closed","ping_status":"closed","template":"","meta":{"_acf_changed":false,"_et_pb_use_builder":"","_et_pb_old_content":"","_et_gb_content_width":""},"product_brand":[],"product_cat":[6296,6266],"product_tag":[],"class_list":{"0":"post-46164","1":"product","2":"type-product","3":"status-publish","4":"has-post-thumbnail","6":"product_cat-armbaand","7":"product_cat-lohses-forlag","9":"first","10":"instock","11":"taxable","12":"shipping-taxable","13":"purchasable","14":"product-type-simple"},"acf":[],"_links":{"self":[{"href":"https:\/\/gavermedmening.dk\/index.php?rest_route=\/wp\/v2\/product\/46164","targetHints":{"allow":["GET"]}}],"collection":[{"href":"https:\/\/gavermedmening.dk\/index.php?rest_route=\/wp\/v2\/product"}],"about":[{"href":"https:\/\/gavermedmening.dk\/index.php?rest_route=\/wp\/v2\/types\/product"}],"replies":[{"embeddable":true,"href":"https:\/\/gavermedmening.dk\/index.php?rest_route=%2Fwp%2Fv2%2Fcomments&post=46164"}],"wp:featuredmedia":[{"embeddable":true,"href":"https:\/\/gavermedmening.dk\/index.php?rest_route=\/wp\/v2\/media\/46165"}],"wp:attachment":[{"href":"https:\/\/gavermedmening.dk\/index.php?rest_route=%2Fwp%2Fv2%2Fmedia&parent=46164"}],"wp:term":[{"taxonomy":"product_brand","embeddable":true,"href":"https:\/\/gavermedmening.dk\/index.php?rest_route=%2Fwp%2Fv2%2Fproduct_brand&post=46164"},{"taxonomy":"product_cat","embeddable":true,"href":"https:\/\/gavermedmening.dk\/index.php?rest_route=%2Fwp%2Fv2%2Fproduct_cat&post=46164"},{"taxonomy":"product_tag","embeddable":true,"href":"https:\/\/gavermedmening.dk\/index.php?rest_route=%2Fwp%2Fv2%2Fproduct_tag&post=46164"}],"curies":[{"name":"wp","href":"https:\/\/api.w.org\/{rel}","templated":true}]}}