{"id":47454,"date":"2024-06-28T14:04:09","date_gmt":"2024-06-28T13:04:09","guid":{"rendered":"https:\/\/gavermedmening.dk\/vare\/indkoebsvognspolet-i-metal-engel\/"},"modified":"2024-10-31T19:19:36","modified_gmt":"2024-10-31T19:19:36","slug":"indkoebsvognspolet-i-metal-engel","status":"publish","type":"product","link":"https:\/\/gavermedmening.dk\/?product=indkoebsvognspolet-i-metal-engel","title":{"rendered":"Indk\u00f8bsvognspolet i metal &#8211; engel"},"content":{"rendered":"<p><strong>Beskrivelse:<\/strong><\/p>\n<p>En lille praktisk gaveid\u00e9: Vores indk\u00f8bsvognschip med en engel<\/p>\n<p>Fantastisk id\u00e9 at give v\u00e6k.<\/p>\n<p>Til den rare nabo, til postbudet eller bare lad det blive i indk\u00f8bsvognen og f\u00e5 folk til at t\u00e6nke!<\/p>\n","protected":false},"excerpt":{"rendered":"<p>Beskrivelse: En lille praktisk gaveid\u00e9: Vores indk\u00f8bsvognschip med en engel Fantastisk id\u00e9 at give v\u00e6k. Til den rare nabo, til postbudet eller bare lad det blive i indk\u00f8bsvognen og f\u00e5 folk til at t\u00e6nke!<\/p>\n","protected":false},"featured_media":47455,"comment_status":"closed","ping_status":"closed","template":"","meta":{"_acf_changed":false,"_et_pb_use_builder":"","_et_pb_old_content":"","_et_gb_content_width":""},"product_brand":[],"product_cat":[6340,6229],"product_tag":[],"class_list":{"0":"post-47454","1":"product","2":"type-product","3":"status-publish","4":"has-post-thumbnail","6":"product_cat-diverse-gaver","7":"product_cat-praisent","9":"first","10":"instock","11":"taxable","12":"shipping-taxable","13":"purchasable","14":"product-type-simple"},"acf":[],"_links":{"self":[{"href":"https:\/\/gavermedmening.dk\/index.php?rest_route=\/wp\/v2\/product\/47454","targetHints":{"allow":["GET"]}}],"collection":[{"href":"https:\/\/gavermedmening.dk\/index.php?rest_route=\/wp\/v2\/product"}],"about":[{"href":"https:\/\/gavermedmening.dk\/index.php?rest_route=\/wp\/v2\/types\/product"}],"replies":[{"embeddable":true,"href":"https:\/\/gavermedmening.dk\/index.php?rest_route=%2Fwp%2Fv2%2Fcomments&post=47454"}],"wp:featuredmedia":[{"embeddable":true,"href":"https:\/\/gavermedmening.dk\/index.php?rest_route=\/wp\/v2\/media\/47455"}],"wp:attachment":[{"href":"https:\/\/gavermedmening.dk\/index.php?rest_route=%2Fwp%2Fv2%2Fmedia&parent=47454"}],"wp:term":[{"taxonomy":"product_brand","embeddable":true,"href":"https:\/\/gavermedmening.dk\/index.php?rest_route=%2Fwp%2Fv2%2Fproduct_brand&post=47454"},{"taxonomy":"product_cat","embeddable":true,"href":"https:\/\/gavermedmening.dk\/index.php?rest_route=%2Fwp%2Fv2%2Fproduct_cat&post=47454"},{"taxonomy":"product_tag","embeddable":true,"href":"https:\/\/gavermedmening.dk\/index.php?rest_route=%2Fwp%2Fv2%2Fproduct_tag&post=47454"}],"curies":[{"name":"wp","href":"https:\/\/api.w.org\/{rel}","templated":true}]}}