{"id":47474,"date":"2024-06-27T19:44:26","date_gmt":"2024-06-27T19:44:26","guid":{"rendered":"https:\/\/gavermedmening.dk\/vare\/daabslysestage-i-trae\/"},"modified":"2024-11-03T21:09:45","modified_gmt":"2024-11-03T21:09:45","slug":"daabslysestage-i-trae","status":"publish","type":"product","link":"https:\/\/gavermedmening.dk\/?product=daabslysestage-i-trae","title":{"rendered":"D\u00e5bslysestage i tr\u00e6"},"content":{"rendered":"<p><strong>Forlagets omtale:\u00a0<\/strong><br \/>D\u00f8befont h\u00e5nddrejet i tr\u00e6 Inklusive fyrfadslys. T\u00e6nd lyset hvert \u00e5r p\u00e5 d\u00e5bsdagen og tal om, hvad d\u00e5ben betyder &#8211; og hvilket lys, der skinner for den d\u00f8bte. Et lille stykke dansk h\u00e5ndv\u00e6rk. (Prisen er for 1 stk.) <\/p>\n","protected":false},"excerpt":{"rendered":"<p>Forlagets omtale:\u00a0D\u00f8befont h\u00e5nddrejet i tr\u00e6 Inklusive fyrfadslys. T\u00e6nd lyset hvert \u00e5r p\u00e5 d\u00e5bsdagen og tal om, hvad d\u00e5ben betyder &#8211; og hvilket lys, der skinner for den d\u00f8bte. Et lille stykke dansk h\u00e5ndv\u00e6rk. (Prisen er for 1 stk.)<\/p>\n","protected":false},"featured_media":47475,"comment_status":"closed","ping_status":"closed","template":"","meta":{"_acf_changed":false,"_et_pb_use_builder":"","_et_pb_old_content":"","_et_gb_content_width":""},"product_brand":[],"product_cat":[6340,6331,6266],"product_tag":[],"class_list":{"0":"post-47474","1":"product","2":"type-product","3":"status-publish","4":"has-post-thumbnail","6":"product_cat-diverse-gaver","7":"product_cat-kirke-og-baby","8":"product_cat-lohses-forlag","10":"first","11":"instock","12":"taxable","13":"shipping-taxable","14":"purchasable","15":"product-type-simple"},"acf":[],"_links":{"self":[{"href":"https:\/\/gavermedmening.dk\/index.php?rest_route=\/wp\/v2\/product\/47474","targetHints":{"allow":["GET"]}}],"collection":[{"href":"https:\/\/gavermedmening.dk\/index.php?rest_route=\/wp\/v2\/product"}],"about":[{"href":"https:\/\/gavermedmening.dk\/index.php?rest_route=\/wp\/v2\/types\/product"}],"replies":[{"embeddable":true,"href":"https:\/\/gavermedmening.dk\/index.php?rest_route=%2Fwp%2Fv2%2Fcomments&post=47474"}],"wp:featuredmedia":[{"embeddable":true,"href":"https:\/\/gavermedmening.dk\/index.php?rest_route=\/wp\/v2\/media\/47475"}],"wp:attachment":[{"href":"https:\/\/gavermedmening.dk\/index.php?rest_route=%2Fwp%2Fv2%2Fmedia&parent=47474"}],"wp:term":[{"taxonomy":"product_brand","embeddable":true,"href":"https:\/\/gavermedmening.dk\/index.php?rest_route=%2Fwp%2Fv2%2Fproduct_brand&post=47474"},{"taxonomy":"product_cat","embeddable":true,"href":"https:\/\/gavermedmening.dk\/index.php?rest_route=%2Fwp%2Fv2%2Fproduct_cat&post=47474"},{"taxonomy":"product_tag","embeddable":true,"href":"https:\/\/gavermedmening.dk\/index.php?rest_route=%2Fwp%2Fv2%2Fproduct_tag&post=47474"}],"curies":[{"name":"wp","href":"https:\/\/api.w.org\/{rel}","templated":true}]}}