{"id":47483,"date":"2024-06-25T21:56:25","date_gmt":"2024-06-25T20:56:25","guid":{"rendered":"https:\/\/gavermedmening.dk\/vare\/bronzerelief-vielsesringe\/"},"modified":"2024-10-31T19:21:47","modified_gmt":"2024-10-31T19:21:47","slug":"bronzerelief-vielsesringe","status":"publish","type":"product","link":"https:\/\/gavermedmening.dk\/?product=bronzerelief-vielsesringe","title":{"rendered":"Bronzerelief &#8211; vielsesringe"},"content":{"rendered":"<p><strong>Beskrivelse:\u00a0<\/strong><br \/>Kan h\u00e6nge eller ligge.<\/p>\n<p>M\u00e5l: 5,3 x 5,3 cm<\/p>\n<p>I gave\u00e6ske<\/p>\n<p><span style=\"color: #ffffff;\">Hans-Peter Fonteyne<\/span><\/p>\n","protected":false},"excerpt":{"rendered":"<p>Beskrivelse:\u00a0Kan h\u00e6nge eller ligge. M\u00e5l: 5,3 x 5,3 cm I gave\u00e6ske Hans-Peter Fonteyne<\/p>\n","protected":false},"featured_media":0,"comment_status":"closed","ping_status":"closed","template":"","meta":{"_acf_changed":false,"_et_pb_use_builder":"","_et_pb_old_content":"","_et_gb_content_width":""},"product_brand":[],"product_cat":[6246,6340],"product_tag":[6351],"class_list":{"0":"post-47483","1":"product","2":"type-product","3":"status-publish","5":"product_cat-butzon","6":"product_cat-diverse-gaver","7":"product_tag-hans-peter-fonteyne","9":"first","10":"instock","11":"taxable","12":"shipping-taxable","13":"purchasable","14":"product-type-simple"},"acf":[],"_links":{"self":[{"href":"https:\/\/gavermedmening.dk\/index.php?rest_route=\/wp\/v2\/product\/47483","targetHints":{"allow":["GET"]}}],"collection":[{"href":"https:\/\/gavermedmening.dk\/index.php?rest_route=\/wp\/v2\/product"}],"about":[{"href":"https:\/\/gavermedmening.dk\/index.php?rest_route=\/wp\/v2\/types\/product"}],"replies":[{"embeddable":true,"href":"https:\/\/gavermedmening.dk\/index.php?rest_route=%2Fwp%2Fv2%2Fcomments&post=47483"}],"wp:attachment":[{"href":"https:\/\/gavermedmening.dk\/index.php?rest_route=%2Fwp%2Fv2%2Fmedia&parent=47483"}],"wp:term":[{"taxonomy":"product_brand","embeddable":true,"href":"https:\/\/gavermedmening.dk\/index.php?rest_route=%2Fwp%2Fv2%2Fproduct_brand&post=47483"},{"taxonomy":"product_cat","embeddable":true,"href":"https:\/\/gavermedmening.dk\/index.php?rest_route=%2Fwp%2Fv2%2Fproduct_cat&post=47483"},{"taxonomy":"product_tag","embeddable":true,"href":"https:\/\/gavermedmening.dk\/index.php?rest_route=%2Fwp%2Fv2%2Fproduct_tag&post=47483"}],"curies":[{"name":"wp","href":"https:\/\/api.w.org\/{rel}","templated":true}]}}