{"id":47522,"date":"2024-06-25T21:47:24","date_gmt":"2024-06-25T20:47:24","guid":{"rendered":"https:\/\/gavermedmening.dk\/vare\/glasrelief-med-kristusfigur-i-bronze\/"},"modified":"2024-10-31T19:29:18","modified_gmt":"2024-10-31T19:29:18","slug":"glasrelief-med-kristusfigur-i-bronze","status":"publish","type":"product","link":"https:\/\/gavermedmening.dk\/?product=glasrelief-med-kristusfigur-i-bronze","title":{"rendered":"Glasrelief med Kristusfigur i bronze"},"content":{"rendered":"<p><strong>Beskrivelse:\u00a0<\/strong><br \/>Med farvetryk, i gave\u00e6ske.<\/p>\n<p>M\u00e5l: 13,5 x 13,5 cm<\/p>\n<p><span style=\"color: #ffffff;\">Anke C\u00f6hnen<\/span><\/p>\n","protected":false},"excerpt":{"rendered":"<p>Beskrivelse:\u00a0Med farvetryk, i gave\u00e6ske. M\u00e5l: 13,5 x 13,5 cm Anke C\u00f6hnen<\/p>\n","protected":false},"featured_media":0,"comment_status":"closed","ping_status":"closed","template":"","meta":{"_acf_changed":false,"_et_pb_use_builder":"","_et_pb_old_content":"","_et_gb_content_width":""},"product_brand":[],"product_cat":[6340],"product_tag":[6320],"class_list":{"0":"post-47522","1":"product","2":"type-product","3":"status-publish","5":"product_cat-diverse-gaver","6":"product_tag-anke-cohnen","8":"first","9":"instock","10":"taxable","11":"shipping-taxable","12":"purchasable","13":"product-type-simple"},"acf":[],"_links":{"self":[{"href":"https:\/\/gavermedmening.dk\/index.php?rest_route=\/wp\/v2\/product\/47522","targetHints":{"allow":["GET"]}}],"collection":[{"href":"https:\/\/gavermedmening.dk\/index.php?rest_route=\/wp\/v2\/product"}],"about":[{"href":"https:\/\/gavermedmening.dk\/index.php?rest_route=\/wp\/v2\/types\/product"}],"replies":[{"embeddable":true,"href":"https:\/\/gavermedmening.dk\/index.php?rest_route=%2Fwp%2Fv2%2Fcomments&post=47522"}],"wp:attachment":[{"href":"https:\/\/gavermedmening.dk\/index.php?rest_route=%2Fwp%2Fv2%2Fmedia&parent=47522"}],"wp:term":[{"taxonomy":"product_brand","embeddable":true,"href":"https:\/\/gavermedmening.dk\/index.php?rest_route=%2Fwp%2Fv2%2Fproduct_brand&post=47522"},{"taxonomy":"product_cat","embeddable":true,"href":"https:\/\/gavermedmening.dk\/index.php?rest_route=%2Fwp%2Fv2%2Fproduct_cat&post=47522"},{"taxonomy":"product_tag","embeddable":true,"href":"https:\/\/gavermedmening.dk\/index.php?rest_route=%2Fwp%2Fv2%2Fproduct_tag&post=47522"}],"curies":[{"name":"wp","href":"https:\/\/api.w.org\/{rel}","templated":true}]}}