{"id":48779,"date":"2024-06-19T10:33:46","date_gmt":"2024-06-19T10:33:46","guid":{"rendered":"https:\/\/gavermedmening.dk\/vare\/mannakorn-752-skriftsteder\/"},"modified":"2024-11-11T21:45:09","modified_gmt":"2024-11-11T21:45:09","slug":"mannakorn-752-skriftsteder","status":"publish","type":"product","link":"https:\/\/gavermedmening.dk\/?product=mannakorn-752-skriftsteder","title":{"rendered":"Mannakorn &#8211; 752 skriftsteder"},"content":{"rendered":"<p><strong>Forlagets omtale:<\/strong><\/p>\n<p>Mannakorn er et \u00e6ldgammelt princip, hvor man &#8220;tr\u00e6kker&#8221; en lille seddel p\u00e5trykt et skriftsted fra Bibelen som Guds hilsen til dig i dag.<\/p>\n<p>S\u00e6t med 752 skriftsteder.<\/p>\n","protected":false},"excerpt":{"rendered":"<p>Forlagets omtale: Mannakorn er et \u00e6ldgammelt princip, hvor man &#8220;tr\u00e6kker&#8221; en lille seddel p\u00e5trykt et skriftsted fra Bibelen som Guds hilsen til dig i dag. S\u00e6t med 752 skriftsteder.<\/p>\n","protected":false},"featured_media":0,"comment_status":"closed","ping_status":"closed","template":"","meta":{"_acf_changed":false,"_et_pb_use_builder":"","_et_pb_old_content":"","_et_gb_content_width":""},"product_brand":[],"product_cat":[6340,6263,6364],"product_tag":[],"class_list":{"0":"post-48779","1":"product","2":"type-product","3":"status-publish","5":"product_cat-diverse-gaver","6":"product_cat-prorex","7":"product_cat-til-bibelen","9":"first","10":"instock","11":"taxable","12":"shipping-taxable","13":"purchasable","14":"product-type-simple"},"acf":[],"_links":{"self":[{"href":"https:\/\/gavermedmening.dk\/index.php?rest_route=\/wp\/v2\/product\/48779","targetHints":{"allow":["GET"]}}],"collection":[{"href":"https:\/\/gavermedmening.dk\/index.php?rest_route=\/wp\/v2\/product"}],"about":[{"href":"https:\/\/gavermedmening.dk\/index.php?rest_route=\/wp\/v2\/types\/product"}],"replies":[{"embeddable":true,"href":"https:\/\/gavermedmening.dk\/index.php?rest_route=%2Fwp%2Fv2%2Fcomments&post=48779"}],"wp:attachment":[{"href":"https:\/\/gavermedmening.dk\/index.php?rest_route=%2Fwp%2Fv2%2Fmedia&parent=48779"}],"wp:term":[{"taxonomy":"product_brand","embeddable":true,"href":"https:\/\/gavermedmening.dk\/index.php?rest_route=%2Fwp%2Fv2%2Fproduct_brand&post=48779"},{"taxonomy":"product_cat","embeddable":true,"href":"https:\/\/gavermedmening.dk\/index.php?rest_route=%2Fwp%2Fv2%2Fproduct_cat&post=48779"},{"taxonomy":"product_tag","embeddable":true,"href":"https:\/\/gavermedmening.dk\/index.php?rest_route=%2Fwp%2Fv2%2Fproduct_tag&post=48779"}],"curies":[{"name":"wp","href":"https:\/\/api.w.org\/{rel}","templated":true}]}}