{"id":50763,"date":"2024-06-14T09:46:13","date_gmt":"2024-06-14T09:46:13","guid":{"rendered":"https:\/\/gavermedmening.dk\/vare\/dobbeltfisk-til-bilen-soelvfarvet\/"},"modified":"2024-11-10T08:35:23","modified_gmt":"2024-11-10T08:35:23","slug":"dobbeltfisk-til-bilen-soelvfarvet","status":"publish","type":"product","link":"https:\/\/gavermedmening.dk\/?product=dobbeltfisk-til-bilen-soelvfarvet","title":{"rendered":"Dobbeltfisk til bilen &#8211; s\u00f8lvfarvet"},"content":{"rendered":"<p><strong>Beskrivelse:<\/strong><\/p>\n<p>Smukt bilklisterm\u00e6rke \u00a0Ichthys som et s\u00e6t med 2.<\/p>\n<p>Fritst\u00e5ende, h\u00e6vet s\u00f8lvglans &#8211; Ser meget stilfuldt ud.<\/p>\n<p>Nem at s\u00e6tte p\u00e5 din bil, autocamper eller motorcykel.<\/p>\n<p>Fisk stor: ca 9,5 cm<br \/>Fisk lille: ca 3,3 cm<\/p>\n<p>\u00a0<\/p>\n","protected":false},"excerpt":{"rendered":"<p>Beskrivelse: Smukt bilklisterm\u00e6rke \u00a0Ichthys som et s\u00e6t med 2. Fritst\u00e5ende, h\u00e6vet s\u00f8lvglans &#8211; Ser meget stilfuldt ud. Nem at s\u00e6tte p\u00e5 din bil, autocamper eller motorcykel. Fisk stor: ca 9,5 cmFisk lille: ca 3,3 cm \u00a0<\/p>\n","protected":false},"featured_media":0,"comment_status":"closed","ping_status":"closed","template":"","meta":{"_acf_changed":false,"_et_pb_use_builder":"","_et_pb_old_content":"","_et_gb_content_width":""},"product_brand":[],"product_cat":[6389,6229,6390],"product_tag":[],"class_list":{"0":"post-50763","1":"product","2":"type-product","3":"status-publish","5":"product_cat-klistermaerker","6":"product_cat-praisent","7":"product_cat-til-bilen","9":"first","10":"instock","11":"taxable","12":"shipping-taxable","13":"purchasable","14":"product-type-simple"},"acf":[],"_links":{"self":[{"href":"https:\/\/gavermedmening.dk\/index.php?rest_route=\/wp\/v2\/product\/50763","targetHints":{"allow":["GET"]}}],"collection":[{"href":"https:\/\/gavermedmening.dk\/index.php?rest_route=\/wp\/v2\/product"}],"about":[{"href":"https:\/\/gavermedmening.dk\/index.php?rest_route=\/wp\/v2\/types\/product"}],"replies":[{"embeddable":true,"href":"https:\/\/gavermedmening.dk\/index.php?rest_route=%2Fwp%2Fv2%2Fcomments&post=50763"}],"wp:attachment":[{"href":"https:\/\/gavermedmening.dk\/index.php?rest_route=%2Fwp%2Fv2%2Fmedia&parent=50763"}],"wp:term":[{"taxonomy":"product_brand","embeddable":true,"href":"https:\/\/gavermedmening.dk\/index.php?rest_route=%2Fwp%2Fv2%2Fproduct_brand&post=50763"},{"taxonomy":"product_cat","embeddable":true,"href":"https:\/\/gavermedmening.dk\/index.php?rest_route=%2Fwp%2Fv2%2Fproduct_cat&post=50763"},{"taxonomy":"product_tag","embeddable":true,"href":"https:\/\/gavermedmening.dk\/index.php?rest_route=%2Fwp%2Fv2%2Fproduct_tag&post=50763"}],"curies":[{"name":"wp","href":"https:\/\/api.w.org\/{rel}","templated":true}]}}