{"id":50766,"date":"2024-06-14T09:46:13","date_gmt":"2024-06-14T09:46:13","guid":{"rendered":"https:\/\/gavermedmening.dk\/vare\/fisk-9-cm-guldfarvet\/"},"modified":"2024-11-10T08:35:13","modified_gmt":"2024-11-10T08:35:13","slug":"fisk-9-cm-guldfarvet","status":"publish","type":"product","link":"https:\/\/gavermedmening.dk\/?product=fisk-9-cm-guldfarvet","title":{"rendered":"Fisk 9 cm &#8211; guldfarvet"},"content":{"rendered":"<p><strong>Beskrivelse:<\/strong><\/p>\n<p>Klisterm\u00e6rkefisk, vejrbestandig + lys\u00e6gte.<\/p>\n<p>Ideel til bilen, lastbilen eller mobilhomet!<\/p>\n<p>Smukt bilm\u00e6rke med Ichthys fiskedesign.<\/p>\n<p>PVC film<br \/>L\u00e6ngde: ca 9 cm<\/p>\n<p>\u00a0<\/p>\n","protected":false},"excerpt":{"rendered":"<p>Beskrivelse: Klisterm\u00e6rkefisk, vejrbestandig + lys\u00e6gte. Ideel til bilen, lastbilen eller mobilhomet! Smukt bilm\u00e6rke med Ichthys fiskedesign. PVC filmL\u00e6ngde: ca 9 cm \u00a0<\/p>\n","protected":false},"featured_media":0,"comment_status":"closed","ping_status":"closed","template":"","meta":{"_acf_changed":false,"_et_pb_use_builder":"","_et_pb_old_content":"","_et_gb_content_width":""},"product_brand":[],"product_cat":[6389,6229,6390],"product_tag":[],"class_list":{"0":"post-50766","1":"product","2":"type-product","3":"status-publish","5":"product_cat-klistermaerker","6":"product_cat-praisent","7":"product_cat-til-bilen","9":"first","10":"instock","11":"taxable","12":"shipping-taxable","13":"purchasable","14":"product-type-simple"},"acf":[],"_links":{"self":[{"href":"https:\/\/gavermedmening.dk\/index.php?rest_route=\/wp\/v2\/product\/50766","targetHints":{"allow":["GET"]}}],"collection":[{"href":"https:\/\/gavermedmening.dk\/index.php?rest_route=\/wp\/v2\/product"}],"about":[{"href":"https:\/\/gavermedmening.dk\/index.php?rest_route=\/wp\/v2\/types\/product"}],"replies":[{"embeddable":true,"href":"https:\/\/gavermedmening.dk\/index.php?rest_route=%2Fwp%2Fv2%2Fcomments&post=50766"}],"wp:attachment":[{"href":"https:\/\/gavermedmening.dk\/index.php?rest_route=%2Fwp%2Fv2%2Fmedia&parent=50766"}],"wp:term":[{"taxonomy":"product_brand","embeddable":true,"href":"https:\/\/gavermedmening.dk\/index.php?rest_route=%2Fwp%2Fv2%2Fproduct_brand&post=50766"},{"taxonomy":"product_cat","embeddable":true,"href":"https:\/\/gavermedmening.dk\/index.php?rest_route=%2Fwp%2Fv2%2Fproduct_cat&post=50766"},{"taxonomy":"product_tag","embeddable":true,"href":"https:\/\/gavermedmening.dk\/index.php?rest_route=%2Fwp%2Fv2%2Fproduct_tag&post=50766"}],"curies":[{"name":"wp","href":"https:\/\/api.w.org\/{rel}","templated":true}]}}