{"id":50776,"date":"2024-06-14T09:43:53","date_gmt":"2024-06-14T09:43:53","guid":{"rendered":"https:\/\/gavermedmening.dk\/vare\/fisk-med-dobbeltkontur-sort\/"},"modified":"2024-11-10T08:35:58","modified_gmt":"2024-11-10T08:35:58","slug":"fisk-med-dobbeltkontur-sort","status":"publish","type":"product","link":"https:\/\/gavermedmening.dk\/?product=fisk-med-dobbeltkontur-sort","title":{"rendered":"Fisk med dobbeltkontur &#8211; sort"},"content":{"rendered":"<p><strong>Beskrivelse:<\/strong><\/p>\n<p>Klisterm\u00e6rke med fiskesymbolet designet i dobbelt omrids.<\/p>\n<p>Vejrbestandigt og lys\u00e6gte.<\/p>\n<p>Det ideelle bilklisterm\u00e6rke i fem forskellige farver.<\/p>\n<p>Materiale: PVC film<br \/>St\u00f8rrelse: l\u00e6ngde ca 9,5 cm<\/p>\n<p>\u00a0<\/p>\n","protected":false},"excerpt":{"rendered":"<p>Beskrivelse: Klisterm\u00e6rke med fiskesymbolet designet i dobbelt omrids. Vejrbestandigt og lys\u00e6gte. Det ideelle bilklisterm\u00e6rke i fem forskellige farver. Materiale: PVC filmSt\u00f8rrelse: l\u00e6ngde ca 9,5 cm \u00a0<\/p>\n","protected":false},"featured_media":0,"comment_status":"closed","ping_status":"closed","template":"","meta":{"_acf_changed":false,"_et_pb_use_builder":"","_et_pb_old_content":"","_et_gb_content_width":""},"product_brand":[],"product_cat":[6389,6229,6390],"product_tag":[],"class_list":{"0":"post-50776","1":"product","2":"type-product","3":"status-publish","5":"product_cat-klistermaerker","6":"product_cat-praisent","7":"product_cat-til-bilen","9":"first","10":"instock","11":"taxable","12":"shipping-taxable","13":"purchasable","14":"product-type-simple"},"acf":[],"_links":{"self":[{"href":"https:\/\/gavermedmening.dk\/index.php?rest_route=\/wp\/v2\/product\/50776","targetHints":{"allow":["GET"]}}],"collection":[{"href":"https:\/\/gavermedmening.dk\/index.php?rest_route=\/wp\/v2\/product"}],"about":[{"href":"https:\/\/gavermedmening.dk\/index.php?rest_route=\/wp\/v2\/types\/product"}],"replies":[{"embeddable":true,"href":"https:\/\/gavermedmening.dk\/index.php?rest_route=%2Fwp%2Fv2%2Fcomments&post=50776"}],"wp:attachment":[{"href":"https:\/\/gavermedmening.dk\/index.php?rest_route=%2Fwp%2Fv2%2Fmedia&parent=50776"}],"wp:term":[{"taxonomy":"product_brand","embeddable":true,"href":"https:\/\/gavermedmening.dk\/index.php?rest_route=%2Fwp%2Fv2%2Fproduct_brand&post=50776"},{"taxonomy":"product_cat","embeddable":true,"href":"https:\/\/gavermedmening.dk\/index.php?rest_route=%2Fwp%2Fv2%2Fproduct_cat&post=50776"},{"taxonomy":"product_tag","embeddable":true,"href":"https:\/\/gavermedmening.dk\/index.php?rest_route=%2Fwp%2Fv2%2Fproduct_tag&post=50776"}],"curies":[{"name":"wp","href":"https:\/\/api.w.org\/{rel}","templated":true}]}}