{"id":52740,"date":"2024-06-20T17:26:36","date_gmt":"2024-06-20T17:26:36","guid":{"rendered":"https:\/\/gavermedmening.dk\/vare\/haarbalsam-arganolie-fra-marokko-780-ml\/"},"modified":"2024-11-05T20:42:28","modified_gmt":"2024-11-05T20:42:28","slug":"haarbalsam-arganolie-fra-marokko-780-ml","status":"publish","type":"product","link":"https:\/\/gavermedmening.dk\/?product=haarbalsam-arganolie-fra-marokko-780-ml","title":{"rendered":"H\u00e5rbalsam &#8211; arganolie fra Marokko (780 ml)"},"content":{"rendered":"<p>H\u00e5ret er et af de mest bem\u00e6rkelsesv\u00e6rdige tr\u00e6k ved dit udseende og kr\u00e6ver konstant pleje. P\u00e5 grund af klimaforhold, hormonelle forandringer, brug af kemikalier og apparater i h\u00e5rstyling, bliver h\u00e5ret tyndt og spalter.<\/p>\n<p>Denne Arganolie mineralh\u00e5rbalsam er skabt til at pleje og hj\u00e6lpe med at beskytte dit h\u00e5r mod disse skadelige ting. Balsammen beskytter mod skader og giver et flot, sundt og silkeagtigt h\u00e5r.<\/p>\n<p>Den er beriget med druefr\u00f8olie, br\u00e6nden\u00e6lde og rosmarinekstrakt, argan og jojobaolie. Den indeholder ogs\u00e5 Aloe Vera til at beroligende hovedbund, B-vitamin, E-vitamin og D\u00f8dehavsmineraler.<\/p>\n<p>Arganolie mineralh\u00e5rbalsam er velegnet til alle h\u00e5rtyper.<\/p>\n<hr \/>\n<p>HB Dead Sea-produkterne er baseret p\u00e5 mineraler fra Det D\u00f8de Hav, beriget med vitaminer, planteekstrater og aromatiske olier for at opn\u00e5 sund og skinnende hud og h\u00e5r.<\/p>\n<p>De kosmetiske produkter fra Israel bliver fremstillet i overensstemmelse med internationale forskrifter (ISO og GMP) og ingen produkter er testet p\u00e5 dyr.<\/p>\n","protected":false},"excerpt":{"rendered":"<p>H\u00e5ret er et af de mest bem\u00e6rkelsesv\u00e6rdige tr\u00e6k ved dit udseende og kr\u00e6ver konstant pleje. P\u00e5 grund af klimaforhold, hormonelle forandringer, brug af kemikalier og apparater i h\u00e5rstyling, bliver h\u00e5ret tyndt og spalter. Denne Arganolie mineralh\u00e5rbalsam er skabt til at pleje og hj\u00e6lpe med at beskytte dit h\u00e5r mod disse skadelige ting. Balsammen beskytter mod [&hellip;]<\/p>\n","protected":false},"featured_media":0,"comment_status":"closed","ping_status":"closed","template":"","meta":{"_acf_changed":false,"_et_pb_use_builder":"","_et_pb_old_content":"","_et_gb_content_width":""},"product_brand":[],"product_cat":[6406,6405],"product_tag":[6407],"class_list":{"0":"post-52740","1":"product","2":"type-product","3":"status-publish","5":"product_cat-hbds","6":"product_cat-personlig-pleje","7":"product_tag-health-beauty-dead-sea-miner","9":"first","10":"instock","11":"taxable","12":"shipping-taxable","13":"purchasable","14":"product-type-simple"},"acf":[],"_links":{"self":[{"href":"https:\/\/gavermedmening.dk\/index.php?rest_route=\/wp\/v2\/product\/52740","targetHints":{"allow":["GET"]}}],"collection":[{"href":"https:\/\/gavermedmening.dk\/index.php?rest_route=\/wp\/v2\/product"}],"about":[{"href":"https:\/\/gavermedmening.dk\/index.php?rest_route=\/wp\/v2\/types\/product"}],"replies":[{"embeddable":true,"href":"https:\/\/gavermedmening.dk\/index.php?rest_route=%2Fwp%2Fv2%2Fcomments&post=52740"}],"wp:attachment":[{"href":"https:\/\/gavermedmening.dk\/index.php?rest_route=%2Fwp%2Fv2%2Fmedia&parent=52740"}],"wp:term":[{"taxonomy":"product_brand","embeddable":true,"href":"https:\/\/gavermedmening.dk\/index.php?rest_route=%2Fwp%2Fv2%2Fproduct_brand&post=52740"},{"taxonomy":"product_cat","embeddable":true,"href":"https:\/\/gavermedmening.dk\/index.php?rest_route=%2Fwp%2Fv2%2Fproduct_cat&post=52740"},{"taxonomy":"product_tag","embeddable":true,"href":"https:\/\/gavermedmening.dk\/index.php?rest_route=%2Fwp%2Fv2%2Fproduct_tag&post=52740"}],"curies":[{"name":"wp","href":"https:\/\/api.w.org\/{rel}","templated":true}]}}