{"id":52749,"date":"2024-06-20T17:21:39","date_gmt":"2024-06-20T17:21:39","guid":{"rendered":"https:\/\/gavermedmening.dk\/vare\/peeling-fodcreme-200-ml\/"},"modified":"2024-11-05T20:43:10","modified_gmt":"2024-11-05T20:43:10","slug":"peeling-fodcreme-200-ml","status":"publish","type":"product","link":"https:\/\/gavermedmening.dk\/?product=peeling-fodcreme-200-ml","title":{"rendered":"Peeling fodcreme 200 ml"},"content":{"rendered":"<p><strong>Beskrivelse:<\/strong><\/p>\n<p>Peeling Creme til f\u00f8dder er den perfekte 3 i 1 l\u00f8sning til fork\u00e6lelse af huden. Den b\u00e5de peeler og regenererer huden p\u00e5 b\u00e5de f\u00f8dder og h\u00e6nder. Cremen giver den ultimative behandling. Bl\u00f8dg\u00f8r og fjerner de t\u00f8rre og grove d\u00f8de hudceller og giver en god n\u00e6ring.<\/p>\n<p>Den er beriget med lavendelolie, tea tree olie, Aloe Vera ekstrakt, sheasm\u00f8r og olivenolie, havtorn, mynteolie, abrikosfr\u00f8, vitaminer A + E og D\u00f8dehavsmineraler. Den rige kombination af ingredienser forbedrer hudens struktur og skaber en f\u00f8lelse af afslapning.<\/p>\n<p>Den er fremragende til grov hud p\u00e5 kn\u00e6 og albuer og til foryngelse af f\u00f8dder og h\u00e6nder.<\/p>\n<hr \/>\n<p>HB Dead Sea-produkterne er baseret p\u00e5 mineraler fra Det D\u00f8de Hav, beriget med vitaminer, planteekstrater og aromatiske olier for at opn\u00e5 sund og skinnende hud og h\u00e5r.<\/p>\n<p>De kosmetiske produkter fra Israel bliver fremstillet i overensstemmelse med internationale forskrifter (ISO og GMP) og ingen produkter er testet p\u00e5 dyr.<\/p>\n","protected":false},"excerpt":{"rendered":"<p>Beskrivelse: Peeling Creme til f\u00f8dder er den perfekte 3 i 1 l\u00f8sning til fork\u00e6lelse af huden. Den b\u00e5de peeler og regenererer huden p\u00e5 b\u00e5de f\u00f8dder og h\u00e6nder. Cremen giver den ultimative behandling. Bl\u00f8dg\u00f8r og fjerner de t\u00f8rre og grove d\u00f8de hudceller og giver en god n\u00e6ring. Den er beriget med lavendelolie, tea tree olie, Aloe [&hellip;]<\/p>\n","protected":false},"featured_media":0,"comment_status":"closed","ping_status":"closed","template":"","meta":{"_acf_changed":false,"_et_pb_use_builder":"","_et_pb_old_content":"","_et_gb_content_width":""},"product_brand":[],"product_cat":[6406,6405],"product_tag":[6407],"class_list":{"0":"post-52749","1":"product","2":"type-product","3":"status-publish","5":"product_cat-hbds","6":"product_cat-personlig-pleje","7":"product_tag-health-beauty-dead-sea-miner","9":"first","10":"instock","11":"taxable","12":"shipping-taxable","13":"purchasable","14":"product-type-simple"},"acf":[],"_links":{"self":[{"href":"https:\/\/gavermedmening.dk\/index.php?rest_route=\/wp\/v2\/product\/52749","targetHints":{"allow":["GET"]}}],"collection":[{"href":"https:\/\/gavermedmening.dk\/index.php?rest_route=\/wp\/v2\/product"}],"about":[{"href":"https:\/\/gavermedmening.dk\/index.php?rest_route=\/wp\/v2\/types\/product"}],"replies":[{"embeddable":true,"href":"https:\/\/gavermedmening.dk\/index.php?rest_route=%2Fwp%2Fv2%2Fcomments&post=52749"}],"wp:attachment":[{"href":"https:\/\/gavermedmening.dk\/index.php?rest_route=%2Fwp%2Fv2%2Fmedia&parent=52749"}],"wp:term":[{"taxonomy":"product_brand","embeddable":true,"href":"https:\/\/gavermedmening.dk\/index.php?rest_route=%2Fwp%2Fv2%2Fproduct_brand&post=52749"},{"taxonomy":"product_cat","embeddable":true,"href":"https:\/\/gavermedmening.dk\/index.php?rest_route=%2Fwp%2Fv2%2Fproduct_cat&post=52749"},{"taxonomy":"product_tag","embeddable":true,"href":"https:\/\/gavermedmening.dk\/index.php?rest_route=%2Fwp%2Fv2%2Fproduct_tag&post=52749"}],"curies":[{"name":"wp","href":"https:\/\/api.w.org\/{rel}","templated":true}]}}