{"id":52750,"date":"2024-06-20T17:21:39","date_gmt":"2024-06-20T17:21:39","guid":{"rendered":"https:\/\/gavermedmening.dk\/vare\/mineralsaebe-125-g\/"},"modified":"2024-11-05T20:43:15","modified_gmt":"2024-11-05T20:43:15","slug":"mineralsaebe-125-g","status":"publish","type":"product","link":"https:\/\/gavermedmening.dk\/?product=mineralsaebe-125-g","title":{"rendered":"Minerals\u00e6be 125 g"},"content":{"rendered":"<p><strong>Beskrivelse:<\/strong><\/p>\n<p>Denne s\u00e6be giver en dyb rensning af ansigt og krop.<\/p>\n<p>S\u00e6ben er baseret p\u00e5 en h\u00f8j koncentration af D\u00f8dehavsmineraler kombineret med glycerin, olivenolie, Aloe Vera og kamille.<\/p>\n<p>Den fornyer hudceller og f\u00e5r f\u00f8lsom hud til at slappe af og anbefales st\u00e6rkt til psoriasispatienter.<\/p>\n<p>S\u00e6ben efterlader huden bl\u00f8d, fleksibel og med en vidunderlig fornemmelse af friskhed. Har en dejlig duft.<\/p>\n<hr \/>\n<p>HB Dead Sea-produkterne er baseret p\u00e5 mineraler fra Det D\u00f8de Hav, beriget med vitaminer, planteekstrater og aromatiske olier for at opn\u00e5 sund og skinnende hud og h\u00e5r.<\/p>\n<p>De kosmetiske produkter fra Israel bliver fremstillet i overensstemmelse med internationale forskrifter (ISO og GMP) og ingen produkter er testet p\u00e5 dyr.<\/p>\n","protected":false},"excerpt":{"rendered":"<p>Beskrivelse: Denne s\u00e6be giver en dyb rensning af ansigt og krop. S\u00e6ben er baseret p\u00e5 en h\u00f8j koncentration af D\u00f8dehavsmineraler kombineret med glycerin, olivenolie, Aloe Vera og kamille. Den fornyer hudceller og f\u00e5r f\u00f8lsom hud til at slappe af og anbefales st\u00e6rkt til psoriasispatienter. S\u00e6ben efterlader huden bl\u00f8d, fleksibel og med en vidunderlig fornemmelse af [&hellip;]<\/p>\n","protected":false},"featured_media":0,"comment_status":"closed","ping_status":"closed","template":"","meta":{"_acf_changed":false,"_et_pb_use_builder":"","_et_pb_old_content":"","_et_gb_content_width":""},"product_brand":[],"product_cat":[6406,6405],"product_tag":[6407],"class_list":{"0":"post-52750","1":"product","2":"type-product","3":"status-publish","5":"product_cat-hbds","6":"product_cat-personlig-pleje","7":"product_tag-health-beauty-dead-sea-miner","9":"first","10":"instock","11":"taxable","12":"shipping-taxable","13":"purchasable","14":"product-type-simple"},"acf":[],"_links":{"self":[{"href":"https:\/\/gavermedmening.dk\/index.php?rest_route=\/wp\/v2\/product\/52750","targetHints":{"allow":["GET"]}}],"collection":[{"href":"https:\/\/gavermedmening.dk\/index.php?rest_route=\/wp\/v2\/product"}],"about":[{"href":"https:\/\/gavermedmening.dk\/index.php?rest_route=\/wp\/v2\/types\/product"}],"replies":[{"embeddable":true,"href":"https:\/\/gavermedmening.dk\/index.php?rest_route=%2Fwp%2Fv2%2Fcomments&post=52750"}],"wp:attachment":[{"href":"https:\/\/gavermedmening.dk\/index.php?rest_route=%2Fwp%2Fv2%2Fmedia&parent=52750"}],"wp:term":[{"taxonomy":"product_brand","embeddable":true,"href":"https:\/\/gavermedmening.dk\/index.php?rest_route=%2Fwp%2Fv2%2Fproduct_brand&post=52750"},{"taxonomy":"product_cat","embeddable":true,"href":"https:\/\/gavermedmening.dk\/index.php?rest_route=%2Fwp%2Fv2%2Fproduct_cat&post=52750"},{"taxonomy":"product_tag","embeddable":true,"href":"https:\/\/gavermedmening.dk\/index.php?rest_route=%2Fwp%2Fv2%2Fproduct_tag&post=52750"}],"curies":[{"name":"wp","href":"https:\/\/api.w.org\/{rel}","templated":true}]}}