{"id":52754,"date":"2024-06-20T17:20:34","date_gmt":"2024-06-20T17:20:34","guid":{"rendered":"https:\/\/gavermedmening.dk\/vare\/roll-on-deodorant-aluminiumsfri-%c2%96-til-maend-80-ml\/"},"modified":"2024-11-05T20:43:34","modified_gmt":"2024-11-05T20:43:34","slug":"roll-on-deodorant-aluminiumsfri-%c2%96-til-maend-80-ml","status":"publish","type":"product","link":"https:\/\/gavermedmening.dk\/?product=roll-on-deodorant-aluminiumsfri-%c2%96-til-maend-80-ml","title":{"rendered":"Roll-On Deodorant &#8211; Aluminiumsfri \u0096 til m\u00e6nd 80 ml"},"content":{"rendered":"<p><strong>Beskrivelse:<\/strong><\/p>\n<p>En unik deodorant med langvarig effekt, baseret p\u00e5 ingredienser, der modvirker svedlugt.<\/p>\n<p>Beriget med havtorn olie, propolis ekstrakt, kamille og Aloe Vera for at berolige huden, E-vitamin og D\u00f8dehavsmineraler. T\u00f8rrer hurtigt, pletter ikke og efterlader ingen kl\u00e6brig f\u00f8lelse.<\/p>\n<p>Indeholder ikke aluminium, alkohol og parabener.<\/p>\n<p>Den giver op til 24-timers friskhed og har en sensuel duft.<\/p>\n<hr \/>\n<p>HB Dead Sea-produkterne er baseret p\u00e5 mineraler fra Det D\u00f8de Hav, beriget med vitaminer, planteekstrater og aromatiske olier for at opn\u00e5 sund og skinnende hud og h\u00e5r.<\/p>\n<p>De kosmetiske produkter fra Israel bliver fremstillet i overensstemmelse med internationale forskrifter (ISO og GMP) og ingen produkter er testet p\u00e5 dyr.<\/p>\n","protected":false},"excerpt":{"rendered":"<p>Beskrivelse: En unik deodorant med langvarig effekt, baseret p\u00e5 ingredienser, der modvirker svedlugt. Beriget med havtorn olie, propolis ekstrakt, kamille og Aloe Vera for at berolige huden, E-vitamin og D\u00f8dehavsmineraler. T\u00f8rrer hurtigt, pletter ikke og efterlader ingen kl\u00e6brig f\u00f8lelse. Indeholder ikke aluminium, alkohol og parabener. Den giver op til 24-timers friskhed og har en sensuel [&hellip;]<\/p>\n","protected":false},"featured_media":0,"comment_status":"closed","ping_status":"closed","template":"","meta":{"_acf_changed":false,"_et_pb_use_builder":"","_et_pb_old_content":"","_et_gb_content_width":""},"product_brand":[],"product_cat":[6406,6405],"product_tag":[6407],"class_list":{"0":"post-52754","1":"product","2":"type-product","3":"status-publish","5":"product_cat-hbds","6":"product_cat-personlig-pleje","7":"product_tag-health-beauty-dead-sea-miner","9":"first","10":"instock","11":"taxable","12":"shipping-taxable","13":"purchasable","14":"product-type-simple"},"acf":[],"_links":{"self":[{"href":"https:\/\/gavermedmening.dk\/index.php?rest_route=\/wp\/v2\/product\/52754","targetHints":{"allow":["GET"]}}],"collection":[{"href":"https:\/\/gavermedmening.dk\/index.php?rest_route=\/wp\/v2\/product"}],"about":[{"href":"https:\/\/gavermedmening.dk\/index.php?rest_route=\/wp\/v2\/types\/product"}],"replies":[{"embeddable":true,"href":"https:\/\/gavermedmening.dk\/index.php?rest_route=%2Fwp%2Fv2%2Fcomments&post=52754"}],"wp:attachment":[{"href":"https:\/\/gavermedmening.dk\/index.php?rest_route=%2Fwp%2Fv2%2Fmedia&parent=52754"}],"wp:term":[{"taxonomy":"product_brand","embeddable":true,"href":"https:\/\/gavermedmening.dk\/index.php?rest_route=%2Fwp%2Fv2%2Fproduct_brand&post=52754"},{"taxonomy":"product_cat","embeddable":true,"href":"https:\/\/gavermedmening.dk\/index.php?rest_route=%2Fwp%2Fv2%2Fproduct_cat&post=52754"},{"taxonomy":"product_tag","embeddable":true,"href":"https:\/\/gavermedmening.dk\/index.php?rest_route=%2Fwp%2Fv2%2Fproduct_tag&post=52754"}],"curies":[{"name":"wp","href":"https:\/\/api.w.org\/{rel}","templated":true}]}}