{"id":52756,"date":"2024-06-20T17:18:46","date_gmt":"2024-06-20T17:18:46","guid":{"rendered":"https:\/\/gavermedmening.dk\/vare\/olivenolie-honning-%c2%96-naturlig-saebe-115-g\/"},"modified":"2024-11-05T20:43:43","modified_gmt":"2024-11-05T20:43:43","slug":"olivenolie-honning-%c2%96-naturlig-saebe-115-g","status":"publish","type":"product","link":"https:\/\/gavermedmening.dk\/?product=olivenolie-honning-%c2%96-naturlig-saebe-115-g","title":{"rendered":"Olivenolie &#038; Honning \u0096 Naturlig S\u00e6be 115 g"},"content":{"rendered":"<p><strong>Beskrivelse:<\/strong><\/p>\n<p>Denne s\u00e6be er naturlig og allergivenlig. Den blev udviklet specielt til hud, der har brug for dybderensende behandling.<\/p>\n<p>S\u00e6ben er baseret p\u00e5 medicinske urter, en h\u00f8j koncentration af jomfruolivenolie, en blanding af honning og antioxidanterne vitamin C + E + B5. Den indeholder ogs\u00e5 D\u00f8dehavsmineraler som magnesium, kalium og natrium.<\/p>\n<p>Denne s\u00e6be er effektiv til irritation og til behandling af forskellige hudsygdomme som akne, psoriasis, svamp og t\u00f8r hud. Den giver maksimal fugt og naturlig anti-aging til ansigt og krop.<\/p>\n<hr \/>\n<p>HB Dead Sea-produkterne er baseret p\u00e5 mineraler fra Det D\u00f8de Hav, beriget med vitaminer, planteekstrater og aromatiske olier for at opn\u00e5 sund og skinnende hud og h\u00e5r.<\/p>\n<p>De kosmetiske produkter fra Israel bliver fremstillet i overensstemmelse med internationale forskrifter (ISO og GMP) og ingen produkter er testet p\u00e5 dyr.<\/p>\n","protected":false},"excerpt":{"rendered":"<p>Beskrivelse: Denne s\u00e6be er naturlig og allergivenlig. Den blev udviklet specielt til hud, der har brug for dybderensende behandling. S\u00e6ben er baseret p\u00e5 medicinske urter, en h\u00f8j koncentration af jomfruolivenolie, en blanding af honning og antioxidanterne vitamin C + E + B5. Den indeholder ogs\u00e5 D\u00f8dehavsmineraler som magnesium, kalium og natrium. Denne s\u00e6be er effektiv [&hellip;]<\/p>\n","protected":false},"featured_media":0,"comment_status":"closed","ping_status":"closed","template":"","meta":{"_acf_changed":false,"_et_pb_use_builder":"","_et_pb_old_content":"","_et_gb_content_width":""},"product_brand":[],"product_cat":[6406,6405],"product_tag":[6407],"class_list":{"0":"post-52756","1":"product","2":"type-product","3":"status-publish","5":"product_cat-hbds","6":"product_cat-personlig-pleje","7":"product_tag-health-beauty-dead-sea-miner","9":"first","10":"instock","11":"taxable","12":"shipping-taxable","13":"purchasable","14":"product-type-simple"},"acf":[],"_links":{"self":[{"href":"https:\/\/gavermedmening.dk\/index.php?rest_route=\/wp\/v2\/product\/52756","targetHints":{"allow":["GET"]}}],"collection":[{"href":"https:\/\/gavermedmening.dk\/index.php?rest_route=\/wp\/v2\/product"}],"about":[{"href":"https:\/\/gavermedmening.dk\/index.php?rest_route=\/wp\/v2\/types\/product"}],"replies":[{"embeddable":true,"href":"https:\/\/gavermedmening.dk\/index.php?rest_route=%2Fwp%2Fv2%2Fcomments&post=52756"}],"wp:attachment":[{"href":"https:\/\/gavermedmening.dk\/index.php?rest_route=%2Fwp%2Fv2%2Fmedia&parent=52756"}],"wp:term":[{"taxonomy":"product_brand","embeddable":true,"href":"https:\/\/gavermedmening.dk\/index.php?rest_route=%2Fwp%2Fv2%2Fproduct_brand&post=52756"},{"taxonomy":"product_cat","embeddable":true,"href":"https:\/\/gavermedmening.dk\/index.php?rest_route=%2Fwp%2Fv2%2Fproduct_cat&post=52756"},{"taxonomy":"product_tag","embeddable":true,"href":"https:\/\/gavermedmening.dk\/index.php?rest_route=%2Fwp%2Fv2%2Fproduct_tag&post=52756"}],"curies":[{"name":"wp","href":"https:\/\/api.w.org\/{rel}","templated":true}]}}