{"id":52757,"date":"2024-06-20T17:18:46","date_gmt":"2024-06-20T17:18:46","guid":{"rendered":"https:\/\/gavermedmening.dk\/vare\/luksus-badesalt-hvid-naturel-500-gr\/"},"modified":"2025-05-20T08:34:58","modified_gmt":"2025-05-20T08:34:58","slug":"luksus-badesalt-hvid-naturel-500-gr","status":"publish","type":"product","link":"https:\/\/gavermedmening.dk\/?product=luksus-badesalt-hvid-naturel-500-gr","title":{"rendered":"Luksus Badesalt &#8211; Hvid Naturel (500 gr)"},"content":{"rendered":"<p>Det D\u00f8de Hav er st\u00e6rkt koncentreret med mineralsalte, 10 gange h\u00f8jere end andre have.<\/p>\n<p>D\u00f8dehavssaltet er unikt i sin kemiske sammens\u00e6tning og indeholder over 26 forskellige typer mineraler s\u00e5som: Kalium, Magnesium, Zink, Jern, Jod med mere. De luksuri\u00f8se badesalte anbefales til: at hj\u00e6lpe med at f\u00e5 kroppen til at slappe af, til tr\u00e6tte h\u00e6vede f\u00f8dder og tilf\u00f8re en vidunderlig f\u00f8lelse af friskhed og afslapning.<\/p>\n<hr \/>\n<p>HB Dead Sea-produkterne er baseret p\u00e5 mineraler fra Det D\u00f8de Hav, beriget med vitaminer, planteekstrater og aromatiske olier for at opn\u00e5 sund og skinnende hud og h\u00e5r.<\/p>\n<p>De kosmetiske produkter fra Israel bliver fremstillet i overensstemmelse med internationale forskrifter (ISO og GMP) og ingen produkter er testet p\u00e5 dyr.<\/p>\n","protected":false},"excerpt":{"rendered":"<p>Det D\u00f8de Hav er st\u00e6rkt koncentreret med mineralsalte, 10 gange h\u00f8jere end andre have. D\u00f8dehavssaltet er unikt i sin kemiske sammens\u00e6tning og indeholder over 26 forskellige typer mineraler s\u00e5som: Kalium, Magnesium, Zink, Jern, Jod med mere. De luksuri\u00f8se badesalte anbefales til: at hj\u00e6lpe med at f\u00e5 kroppen til at slappe af, til tr\u00e6tte h\u00e6vede f\u00f8dder [&hellip;]<\/p>\n","protected":false},"featured_media":0,"comment_status":"closed","ping_status":"closed","template":"","meta":{"_acf_changed":false,"_et_pb_use_builder":"","_et_pb_old_content":"","_et_gb_content_width":""},"product_brand":[],"product_cat":[6406,6405],"product_tag":[6407],"class_list":{"0":"post-52757","1":"product","2":"type-product","3":"status-publish","5":"product_cat-hbds","6":"product_cat-personlig-pleje","7":"product_tag-health-beauty-dead-sea-miner","9":"first","10":"instock","11":"taxable","12":"shipping-taxable","13":"purchasable","14":"product-type-simple"},"acf":[],"_links":{"self":[{"href":"https:\/\/gavermedmening.dk\/index.php?rest_route=\/wp\/v2\/product\/52757","targetHints":{"allow":["GET"]}}],"collection":[{"href":"https:\/\/gavermedmening.dk\/index.php?rest_route=\/wp\/v2\/product"}],"about":[{"href":"https:\/\/gavermedmening.dk\/index.php?rest_route=\/wp\/v2\/types\/product"}],"replies":[{"embeddable":true,"href":"https:\/\/gavermedmening.dk\/index.php?rest_route=%2Fwp%2Fv2%2Fcomments&post=52757"}],"wp:attachment":[{"href":"https:\/\/gavermedmening.dk\/index.php?rest_route=%2Fwp%2Fv2%2Fmedia&parent=52757"}],"wp:term":[{"taxonomy":"product_brand","embeddable":true,"href":"https:\/\/gavermedmening.dk\/index.php?rest_route=%2Fwp%2Fv2%2Fproduct_brand&post=52757"},{"taxonomy":"product_cat","embeddable":true,"href":"https:\/\/gavermedmening.dk\/index.php?rest_route=%2Fwp%2Fv2%2Fproduct_cat&post=52757"},{"taxonomy":"product_tag","embeddable":true,"href":"https:\/\/gavermedmening.dk\/index.php?rest_route=%2Fwp%2Fv2%2Fproduct_tag&post=52757"}],"curies":[{"name":"wp","href":"https:\/\/api.w.org\/{rel}","templated":true}]}}